{"id":315411,"date":"2024-09-18T10:10:06","date_gmt":"2024-09-18T13:10:06","guid":{"rendered":"https:\/\/www.livrariarema.com.br\/loja\/produtos\/sem categoria\/estudando-a-biblia-com-matthew-henry\/"},"modified":"2026-01-02T16:21:00","modified_gmt":"2026-01-02T19:21:00","slug":"estudando-a-biblia-com-matthew-henry","status":"publish","type":"product","link":"https:\/\/www.livrariarema.com.br\/loja\/produtos\/livros\/estudo-biblico\/estudando-a-biblia-com-matthew-henry\/","title":{"rendered":"Estudando A Biblia Com Matthew Henry"},"content":{"rendered":"<p>Nesta compila\u00e7\u00e3o exclusiva e tradu\u00e7\u00e3o in\u00e9dita de textos do renomado te\u00f3logo Matthew Henry, somos levados a uma jornada por toda a hist\u00f3ria da revela\u00e7\u00e3o b\u00edblica, desde a Cria\u00e7\u00e3o at\u00e9 os prim\u00f3rdios da Igreja no Novo Testamento. Combinando devo\u00e7\u00e3o e estudo exeg\u00e9tico, este livro \u00e9 organizado em fases cronol\u00f3gicas e apresenta informa\u00e7\u00f5es hist\u00f3ricas precisas, al\u00e9m de um rico material sobre o per\u00edodo intertestament\u00e1rio. Com ele o leitor ter\u00e1 uma compreens\u00e3o completa e visualmente estimulante da Palavra de Deus.<\/p>\n","protected":false},"excerpt":{"rendered":"<p>Nesta compila\u00e7\u00e3o exclusiva e tradu\u00e7\u00e3o in\u00e9dita de textos do renomado te\u00f3logo Matthew Henry, somos levados a uma jornada por toda&hellip;<\/p>\n","protected":false},"featured_media":338613,"comment_status":"open","ping_status":"closed","template":"","meta":[],"product_cat":[161,134],"product_tag":[],"_links":{"self":[{"href":"https:\/\/www.livrariarema.com.br\/loja\/wp-json\/wp\/v2\/product\/315411"}],"collection":[{"href":"https:\/\/www.livrariarema.com.br\/loja\/wp-json\/wp\/v2\/product"}],"about":[{"href":"https:\/\/www.livrariarema.com.br\/loja\/wp-json\/wp\/v2\/types\/product"}],"replies":[{"embeddable":true,"href":"https:\/\/www.livrariarema.com.br\/loja\/wp-json\/wp\/v2\/comments?post=315411"}],"wp:featuredmedia":[{"embeddable":true,"href":"https:\/\/www.livrariarema.com.br\/loja\/wp-json\/wp\/v2\/media\/338613"}],"wp:attachment":[{"href":"https:\/\/www.livrariarema.com.br\/loja\/wp-json\/wp\/v2\/media?parent=315411"}],"wp:term":[{"taxonomy":"product_cat","embeddable":true,"href":"https:\/\/www.livrariarema.com.br\/loja\/wp-json\/wp\/v2\/product_cat?post=315411"},{"taxonomy":"product_tag","embeddable":true,"href":"https:\/\/www.livrariarema.com.br\/loja\/wp-json\/wp\/v2\/product_tag?post=315411"}],"curies":[{"name":"wp","href":"https:\/\/api.w.org\/{rel}","templated":true}]}}