{"id":315461,"date":"2024-09-18T12:56:34","date_gmt":"2024-09-18T15:56:34","guid":{"rendered":"https:\/\/www.livrariarema.com.br\/loja\/produtos\/sem categoria\/biblia-nvi-letra-gigante-mulher-virtuosa\/"},"modified":"2025-12-24T11:01:18","modified_gmt":"2025-12-24T14:01:18","slug":"biblia-nvi-letra-gigante-mulher-virtuosa","status":"publish","type":"product","link":"https:\/\/www.livrariarema.com.br\/loja\/produtos\/biblias\/nvi\/biblia-nvi-letra-gigante-mulher-virtuosa\/","title":{"rendered":"B\u00edblia &#8211; Nvi &#8211; Letra Gigante &#8211; Mulher Virtuosa"},"content":{"rendered":"<p>Esta \u00e9 a B\u00edblia Sagrada Mulher Virtuosa &#8211; Letra Gigante com a vers\u00e3o NVI (Nova Vers\u00e3o Internacional), uma das mais modernas tradu\u00e7\u00f5es que valoriza a clareza do texto no Antigo e Novo Testamento, permanecendo fiel aos Escritos originais.<\/p>\n<p>Proporciona ao leitor uma linguagem mais atual e fluente.   <\/p>\n<p>&#8211; Capa dura impressa com lamina\u00e7\u00e3o soft touch (toque aveludado) e verniz UV reserva<br \/> <br \/>\n&#8211; Miolo NVI ND Gigante 2 cores, nova ortografia com papel Tervakoski 28 grs. <br \/>\n&#8211; Miolo colorido com destaque em vermelho nas palavras de Jesus  <br \/>\n&#8211; Fita de cetim para marcar as p\u00e1ginas  <br \/>\n&#8211; Panorama b\u00edblico  <br \/>\n&#8211; Breve resumo dos livros da B\u00edblia e contexto hist\u00f3rico  <br \/>\n&#8211; Mapas coloridos do \u00caxodo ao minist\u00e9rio de Jesus  <br \/>\n&#8211; Letra Gigante<\/p>\n","protected":false},"excerpt":{"rendered":"<p>Esta \u00e9 a B\u00edblia Sagrada Mulher Virtuosa &#8211; Letra Gigante com a vers\u00e3o NVI (Nova Vers\u00e3o Internacional), uma das mais&hellip;<\/p>\n","protected":false},"featured_media":338477,"comment_status":"open","ping_status":"closed","template":"","meta":[],"product_cat":[139,166],"product_tag":[],"_links":{"self":[{"href":"https:\/\/www.livrariarema.com.br\/loja\/wp-json\/wp\/v2\/product\/315461"}],"collection":[{"href":"https:\/\/www.livrariarema.com.br\/loja\/wp-json\/wp\/v2\/product"}],"about":[{"href":"https:\/\/www.livrariarema.com.br\/loja\/wp-json\/wp\/v2\/types\/product"}],"replies":[{"embeddable":true,"href":"https:\/\/www.livrariarema.com.br\/loja\/wp-json\/wp\/v2\/comments?post=315461"}],"wp:featuredmedia":[{"embeddable":true,"href":"https:\/\/www.livrariarema.com.br\/loja\/wp-json\/wp\/v2\/media\/338477"}],"wp:attachment":[{"href":"https:\/\/www.livrariarema.com.br\/loja\/wp-json\/wp\/v2\/media?parent=315461"}],"wp:term":[{"taxonomy":"product_cat","embeddable":true,"href":"https:\/\/www.livrariarema.com.br\/loja\/wp-json\/wp\/v2\/product_cat?post=315461"},{"taxonomy":"product_tag","embeddable":true,"href":"https:\/\/www.livrariarema.com.br\/loja\/wp-json\/wp\/v2\/product_tag?post=315461"}],"curies":[{"name":"wp","href":"https:\/\/api.w.org\/{rel}","templated":true}]}}