{"id":315489,"date":"2024-09-18T12:58:40","date_gmt":"2024-09-18T15:58:40","guid":{"rendered":"https:\/\/www.livrariarema.com.br\/loja\/produtos\/sem categoria\/vida-de-davi-a-como-refletida-em-seus-salmos-alexander-maclaren\/"},"modified":"2026-01-30T14:21:37","modified_gmt":"2026-01-30T17:21:37","slug":"vida-de-davi-a-como-refletida-em-seus-salmos-alexander-maclaren","status":"publish","type":"product","link":"https:\/\/www.livrariarema.com.br\/loja\/produtos\/livros\/estudo-biblico\/vida-de-davi-a-como-refletida-em-seus-salmos-alexander-maclaren\/","title":{"rendered":"Vida De Davi, A &#8211; Como Refletida Em Seus Salmos &#8211; Alexander Maclaren"},"content":{"rendered":"<p>Livro in\u00e9dito em portugu\u00eas. Combina sensibilidade, instinto acad\u00eamico e for\u00e7a espiritual para proporcionar uma profunda compreens\u00e3o dos salmos e eventos que levaram Davi \u00e0 sua express\u00e3o po\u00e9tica. \u00c9 uma obra erudita, indicada para pregadores e professores, e repleta de pensamentos marcantes para crist\u00e3os de todos os n\u00edveis de crescimento espiritual.<\/p>\n","protected":false},"excerpt":{"rendered":"<p>Livro in\u00e9dito em portugu\u00eas. Combina sensibilidade, instinto acad\u00eamico e for\u00e7a espiritual para proporcionar uma profunda compreens\u00e3o dos salmos e eventos&hellip;<\/p>\n","protected":false},"featured_media":322670,"comment_status":"open","ping_status":"closed","template":"","meta":[],"product_cat":[161,134],"product_tag":[],"_links":{"self":[{"href":"https:\/\/www.livrariarema.com.br\/loja\/wp-json\/wp\/v2\/product\/315489"}],"collection":[{"href":"https:\/\/www.livrariarema.com.br\/loja\/wp-json\/wp\/v2\/product"}],"about":[{"href":"https:\/\/www.livrariarema.com.br\/loja\/wp-json\/wp\/v2\/types\/product"}],"replies":[{"embeddable":true,"href":"https:\/\/www.livrariarema.com.br\/loja\/wp-json\/wp\/v2\/comments?post=315489"}],"wp:featuredmedia":[{"embeddable":true,"href":"https:\/\/www.livrariarema.com.br\/loja\/wp-json\/wp\/v2\/media\/322670"}],"wp:attachment":[{"href":"https:\/\/www.livrariarema.com.br\/loja\/wp-json\/wp\/v2\/media?parent=315489"}],"wp:term":[{"taxonomy":"product_cat","embeddable":true,"href":"https:\/\/www.livrariarema.com.br\/loja\/wp-json\/wp\/v2\/product_cat?post=315489"},{"taxonomy":"product_tag","embeddable":true,"href":"https:\/\/www.livrariarema.com.br\/loja\/wp-json\/wp\/v2\/product_tag?post=315489"}],"curies":[{"name":"wp","href":"https:\/\/api.w.org\/{rel}","templated":true}]}}