{"id":315497,"date":"2024-09-18T12:59:07","date_gmt":"2024-09-18T15:59:07","guid":{"rendered":"https:\/\/www.livrariarema.com.br\/loja\/produtos\/sem%20categoria\/momentos-com-deus-para-criancas-pao-diario\/"},"modified":"2026-01-02T11:41:18","modified_gmt":"2026-01-02T14:41:18","slug":"momentos-com-deus-para-criancas-pao-diario","status":"publish","type":"product","link":"https:\/\/www.livrariarema.com.br\/loja\/produtos\/livros\/devocional\/momentos-com-deus-para-criancas-pao-diario\/","title":{"rendered":"Momentos Com Deus Para Crian\u00e7as &#8211; P\u00e3o Di\u00e1rio"},"content":{"rendered":"<p>As crian\u00e7as t\u00eam muitas d\u00favidas sobre Deus e esta obra n\u00e3o ignora nem as mais complicadas, como &#8220;Deus criou o inferno?&#8221; ou &#8220;Deus tem emo\u00e7\u00f5es?&#8221;. Em Momentos com Deus para crian\u00e7as os pais, respons\u00e1veis e professores encontrar\u00e3o explica\u00e7\u00f5es para palavras como onipresen\u00e7a, c\u00e2none, arrependimento e outras que os pequenos leitores provavelmente j\u00e1 ouviram na igreja.<br \/>\nEste devocional voltado para o p\u00fablico infantil traz verdades b\u00edblicas que ajudar\u00e3o as crian\u00e7as, e os adultos que lerem com elas, a encontrarem respostas corretas, baseadas nas Escrituras, e a refletirem sobre o que \u00e9 de fato importante na vida.<\/p>\n","protected":false},"excerpt":{"rendered":"<p>As crian\u00e7as t\u00eam muitas d\u00favidas sobre Deus e esta obra n\u00e3o ignora nem as mais complicadas, como &#8220;Deus criou o&hellip;<\/p>\n","protected":false},"featured_media":338638,"comment_status":"open","ping_status":"closed","template":"","meta":[],"product_cat":[158,134],"product_tag":[],"_links":{"self":[{"href":"https:\/\/www.livrariarema.com.br\/loja\/wp-json\/wp\/v2\/product\/315497"}],"collection":[{"href":"https:\/\/www.livrariarema.com.br\/loja\/wp-json\/wp\/v2\/product"}],"about":[{"href":"https:\/\/www.livrariarema.com.br\/loja\/wp-json\/wp\/v2\/types\/product"}],"replies":[{"embeddable":true,"href":"https:\/\/www.livrariarema.com.br\/loja\/wp-json\/wp\/v2\/comments?post=315497"}],"wp:featuredmedia":[{"embeddable":true,"href":"https:\/\/www.livrariarema.com.br\/loja\/wp-json\/wp\/v2\/media\/338638"}],"wp:attachment":[{"href":"https:\/\/www.livrariarema.com.br\/loja\/wp-json\/wp\/v2\/media?parent=315497"}],"wp:term":[{"taxonomy":"product_cat","embeddable":true,"href":"https:\/\/www.livrariarema.com.br\/loja\/wp-json\/wp\/v2\/product_cat?post=315497"},{"taxonomy":"product_tag","embeddable":true,"href":"https:\/\/www.livrariarema.com.br\/loja\/wp-json\/wp\/v2\/product_tag?post=315497"}],"curies":[{"name":"wp","href":"https:\/\/api.w.org\/{rel}","templated":true}]}}