{"id":315503,"date":"2024-09-18T12:59:30","date_gmt":"2024-09-18T15:59:30","guid":{"rendered":"https:\/\/www.livrariarema.com.br\/loja\/produtos\/sem categoria\/dia-a-dia-com-lutero-capa-dura\/"},"modified":"2026-03-13T11:10:20","modified_gmt":"2026-03-13T14:10:20","slug":"dia-a-dia-com-lutero-capa-dura","status":"publish","type":"product","link":"https:\/\/www.livrariarema.com.br\/loja\/produtos\/livros\/devocional\/dia-a-dia-com-lutero-capa-dura\/","title":{"rendered":"Dia A Dia Com Lutero &#8211; Capa Dura"},"content":{"rendered":"<p>Sele\u00e7\u00f5es dos escritos de Martinho Lutero, adaptadas ao formato de devocional di\u00e1rio. Esta obra \u00e9 um trabalho de compila\u00e7\u00e3o e organiza\u00e7\u00e3o feita por Marcos Rodrigues Simas e Adriel Moreira Barbosa. Os textos foram extra\u00eddos das obras originais de Martinho Lutero.<\/p>\n","protected":false},"excerpt":{"rendered":"<p>Sele\u00e7\u00f5es dos escritos de Martinho Lutero, adaptadas ao formato de devocional di\u00e1rio. Esta obra \u00e9 um trabalho de compila\u00e7\u00e3o e&hellip;<\/p>\n","protected":false},"featured_media":321958,"comment_status":"open","ping_status":"closed","template":"","meta":[],"product_cat":[158,134],"product_tag":[],"_links":{"self":[{"href":"https:\/\/www.livrariarema.com.br\/loja\/wp-json\/wp\/v2\/product\/315503"}],"collection":[{"href":"https:\/\/www.livrariarema.com.br\/loja\/wp-json\/wp\/v2\/product"}],"about":[{"href":"https:\/\/www.livrariarema.com.br\/loja\/wp-json\/wp\/v2\/types\/product"}],"replies":[{"embeddable":true,"href":"https:\/\/www.livrariarema.com.br\/loja\/wp-json\/wp\/v2\/comments?post=315503"}],"wp:featuredmedia":[{"embeddable":true,"href":"https:\/\/www.livrariarema.com.br\/loja\/wp-json\/wp\/v2\/media\/321958"}],"wp:attachment":[{"href":"https:\/\/www.livrariarema.com.br\/loja\/wp-json\/wp\/v2\/media?parent=315503"}],"wp:term":[{"taxonomy":"product_cat","embeddable":true,"href":"https:\/\/www.livrariarema.com.br\/loja\/wp-json\/wp\/v2\/product_cat?post=315503"},{"taxonomy":"product_tag","embeddable":true,"href":"https:\/\/www.livrariarema.com.br\/loja\/wp-json\/wp\/v2\/product_tag?post=315503"}],"curies":[{"name":"wp","href":"https:\/\/api.w.org\/{rel}","templated":true}]}}