{"id":315513,"date":"2024-09-18T13:00:04","date_gmt":"2024-09-18T16:00:04","guid":{"rendered":"https:\/\/www.livrariarema.com.br\/loja\/produtos\/sem%20categoria\/historias-biblicas-na-visao-dos-animais\/"},"modified":"2025-11-08T16:30:52","modified_gmt":"2025-11-08T19:30:52","slug":"historias-biblicas-na-visao-dos-animais","status":"publish","type":"product","link":"https:\/\/www.livrariarema.com.br\/loja\/produtos\/livros\/infantil\/historias-biblicas-na-visao-dos-animais\/","title":{"rendered":"Hist\u00f3rias B\u00edblicas Na Vis\u00e3o Dos Animais"},"content":{"rendered":"<p>As hist\u00f3rias deste livro foram criadas quando a primeira filha do autor come\u00e7ou a pedir, antes de dormir, &#8220;hist\u00f3rias da cabe\u00e7a do papai&#8221;.<br \/>\nEnt\u00e3o, ele inventou contos l\u00fadicos, inspirados na B\u00edblia, utilizando a &#8220;fala&#8221; de animais, de modo a agu\u00e7ar a imagina\u00e7\u00e3o das crian\u00e7as e criar \u00f3timas oportunidades para ensinar valores preciosos para elas.<br \/>\nHist\u00f3rias b\u00edblicas na vis\u00e3o dos animais \u00e9 um material envolvente e colabora com o discipulado que flui naturalmente no v\u00ednculo \u00fanico entre pais e filhos.<\/p>\n","protected":false},"excerpt":{"rendered":"<p>As hist\u00f3rias deste livro foram criadas quando a primeira filha do autor come\u00e7ou a pedir, antes de dormir, &#8220;hist\u00f3rias da&hellip;<\/p>\n","protected":false},"featured_media":320503,"comment_status":"open","ping_status":"closed","template":"","meta":[],"product_cat":[144,134],"product_tag":[],"_links":{"self":[{"href":"https:\/\/www.livrariarema.com.br\/loja\/wp-json\/wp\/v2\/product\/315513"}],"collection":[{"href":"https:\/\/www.livrariarema.com.br\/loja\/wp-json\/wp\/v2\/product"}],"about":[{"href":"https:\/\/www.livrariarema.com.br\/loja\/wp-json\/wp\/v2\/types\/product"}],"replies":[{"embeddable":true,"href":"https:\/\/www.livrariarema.com.br\/loja\/wp-json\/wp\/v2\/comments?post=315513"}],"wp:featuredmedia":[{"embeddable":true,"href":"https:\/\/www.livrariarema.com.br\/loja\/wp-json\/wp\/v2\/media\/320503"}],"wp:attachment":[{"href":"https:\/\/www.livrariarema.com.br\/loja\/wp-json\/wp\/v2\/media?parent=315513"}],"wp:term":[{"taxonomy":"product_cat","embeddable":true,"href":"https:\/\/www.livrariarema.com.br\/loja\/wp-json\/wp\/v2\/product_cat?post=315513"},{"taxonomy":"product_tag","embeddable":true,"href":"https:\/\/www.livrariarema.com.br\/loja\/wp-json\/wp\/v2\/product_tag?post=315513"}],"curies":[{"name":"wp","href":"https:\/\/api.w.org\/{rel}","templated":true}]}}