{"id":315519,"date":"2024-09-18T13:00:25","date_gmt":"2024-09-18T16:00:25","guid":{"rendered":"https:\/\/www.livrariarema.com.br\/loja\/produtos\/sem%20categoria\/momentos-com-deus-para-homens-pao-diario\/"},"modified":"2026-01-21T13:00:28","modified_gmt":"2026-01-21T16:00:28","slug":"momentos-com-deus-para-homens-pao-diario","status":"publish","type":"product","link":"https:\/\/www.livrariarema.com.br\/loja\/produtos\/livros\/devocional\/momentos-com-deus-para-homens-pao-diario\/","title":{"rendered":"Momentos Com Deus Para Homens &#8211; P\u00e3o Di\u00e1rio"},"content":{"rendered":"<p>&#8220;Este livro reafirma a verdade de que o caminho tra\u00e7ado diante de cada homem \u00e9 repleto de vari\u00e1veis e incertezas, mas Cristo permanece firme como o \u00fanico guia inerrante. Seus devocionais convidam o leitor a encontrar propo&#769;sito diante das circunsta&#770;ncias e a buscar Jesus e se aproximar dele de forma intencional.<br \/>\nComposta por 100 textos que trazem ferramentas para enfrentar o desafio das aventuras cotidianas e contempora&#770;neas de maneiras novas e relevantes, esta obra tamb\u00e9m inclui reflexo&#771;es intituladas momento de vida e momento com Deus, que visam fortalecer a caminhada com Cristo e forjar uma fe&#769; mais ousada.&#8221;<\/p>\n","protected":false},"excerpt":{"rendered":"<p>&#8220;Este livro reafirma a verdade de que o caminho tra\u00e7ado diante de cada homem \u00e9 repleto de vari\u00e1veis e incertezas,&hellip;<\/p>\n","protected":false},"featured_media":338640,"comment_status":"open","ping_status":"closed","template":"","meta":[],"product_cat":[158,134],"product_tag":[],"_links":{"self":[{"href":"https:\/\/www.livrariarema.com.br\/loja\/wp-json\/wp\/v2\/product\/315519"}],"collection":[{"href":"https:\/\/www.livrariarema.com.br\/loja\/wp-json\/wp\/v2\/product"}],"about":[{"href":"https:\/\/www.livrariarema.com.br\/loja\/wp-json\/wp\/v2\/types\/product"}],"replies":[{"embeddable":true,"href":"https:\/\/www.livrariarema.com.br\/loja\/wp-json\/wp\/v2\/comments?post=315519"}],"wp:featuredmedia":[{"embeddable":true,"href":"https:\/\/www.livrariarema.com.br\/loja\/wp-json\/wp\/v2\/media\/338640"}],"wp:attachment":[{"href":"https:\/\/www.livrariarema.com.br\/loja\/wp-json\/wp\/v2\/media?parent=315519"}],"wp:term":[{"taxonomy":"product_cat","embeddable":true,"href":"https:\/\/www.livrariarema.com.br\/loja\/wp-json\/wp\/v2\/product_cat?post=315519"},{"taxonomy":"product_tag","embeddable":true,"href":"https:\/\/www.livrariarema.com.br\/loja\/wp-json\/wp\/v2\/product_tag?post=315519"}],"curies":[{"name":"wp","href":"https:\/\/api.w.org\/{rel}","templated":true}]}}