{"id":315522,"date":"2024-09-18T13:00:38","date_gmt":"2024-09-18T16:00:38","guid":{"rendered":"https:\/\/www.livrariarema.com.br\/loja\/produtos\/sem categoria\/oracoes-da-biblia-para-criancas-james-banks-e-cindy-kenney\/"},"modified":"2026-03-25T14:16:52","modified_gmt":"2026-03-25T17:16:52","slug":"oracoes-da-biblia-para-criancas-james-banks-e-cindy-kenney","status":"publish","type":"product","link":"https:\/\/www.livrariarema.com.br\/loja\/produtos\/livros\/infantil\/oracoes-da-biblia-para-criancas-james-banks-e-cindy-kenney\/","title":{"rendered":"Ora\u00e7\u00f5es Da B\u00edblia Para Crian\u00e7as &#8211; James Banks E Cindy Kenney"},"content":{"rendered":"<p>Textos que estimulam as crian\u00e7as a conversarem com Deus.<br \/>\nCada ora\u00e7\u00e3o \u00e9 um poema baseado na B\u00edblia, ilustrado com animais, incentivando crian\u00e7as<br \/>\nentre 5 a 8 anos a refletir e orar. Inclui louvor, gratid\u00e3o, fidelidade, s\u00faplica e b\u00ean\u00e7\u00e3os.<\/p>\n","protected":false},"excerpt":{"rendered":"<p>Textos que estimulam as crian\u00e7as a conversarem com Deus. Cada ora\u00e7\u00e3o \u00e9 um poema baseado na B\u00edblia, ilustrado com animais,&hellip;<\/p>\n","protected":false},"featured_media":338641,"comment_status":"open","ping_status":"closed","template":"","meta":[],"product_cat":[144,134],"product_tag":[],"_links":{"self":[{"href":"https:\/\/www.livrariarema.com.br\/loja\/wp-json\/wp\/v2\/product\/315522"}],"collection":[{"href":"https:\/\/www.livrariarema.com.br\/loja\/wp-json\/wp\/v2\/product"}],"about":[{"href":"https:\/\/www.livrariarema.com.br\/loja\/wp-json\/wp\/v2\/types\/product"}],"replies":[{"embeddable":true,"href":"https:\/\/www.livrariarema.com.br\/loja\/wp-json\/wp\/v2\/comments?post=315522"}],"wp:featuredmedia":[{"embeddable":true,"href":"https:\/\/www.livrariarema.com.br\/loja\/wp-json\/wp\/v2\/media\/338641"}],"wp:attachment":[{"href":"https:\/\/www.livrariarema.com.br\/loja\/wp-json\/wp\/v2\/media?parent=315522"}],"wp:term":[{"taxonomy":"product_cat","embeddable":true,"href":"https:\/\/www.livrariarema.com.br\/loja\/wp-json\/wp\/v2\/product_cat?post=315522"},{"taxonomy":"product_tag","embeddable":true,"href":"https:\/\/www.livrariarema.com.br\/loja\/wp-json\/wp\/v2\/product_tag?post=315522"}],"curies":[{"name":"wp","href":"https:\/\/api.w.org\/{rel}","templated":true}]}}