{"id":315530,"date":"2024-09-18T13:01:13","date_gmt":"2024-09-18T16:01:13","guid":{"rendered":"https:\/\/www.livrariarema.com.br\/loja\/produtos\/sem categoria\/bom-pastor-o-timothy-s-laniak\/"},"modified":"2026-03-24T10:43:10","modified_gmt":"2026-03-24T13:43:10","slug":"bom-pastor-o-timothy-s-laniak","status":"publish","type":"product","link":"https:\/\/www.livrariarema.com.br\/loja\/produtos\/livros\/devocional\/bom-pastor-o-timothy-s-laniak\/","title":{"rendered":"Bom Pastor, O &#8211; Timothy S. Laniak"},"content":{"rendered":"<p>Em sua primeira obra traduzida para o portugu\u00eas, Tim Laniak aplica o que aprendeu com os pastores de ovelhas no Oriente M\u00e9dio \u00e0 lideran\u00e7a crist\u00e3, trazendo informa\u00e7\u00f5es culturais de forma leve e levando o leitor a compreender um contexto b\u00edblico que passa despercebido aos olhos ocidentais contempor\u00e2neos. Este devocional, linguisticamente simples, teologicamente rico e pessoalmente confrontador, n\u00e3o \u00e9 voltado apenas a pastores e l\u00edderes, mas tamb\u00e9m traz profundas reflex\u00f5es ao rebanho pastoreado.<\/p>\n","protected":false},"excerpt":{"rendered":"<p>Em sua primeira obra traduzida para o portugu\u00eas, Tim Laniak aplica o que aprendeu com os pastores de ovelhas no&hellip;<\/p>\n","protected":false},"featured_media":335250,"comment_status":"open","ping_status":"closed","template":"","meta":[],"product_cat":[158,134],"product_tag":[],"_links":{"self":[{"href":"https:\/\/www.livrariarema.com.br\/loja\/wp-json\/wp\/v2\/product\/315530"}],"collection":[{"href":"https:\/\/www.livrariarema.com.br\/loja\/wp-json\/wp\/v2\/product"}],"about":[{"href":"https:\/\/www.livrariarema.com.br\/loja\/wp-json\/wp\/v2\/types\/product"}],"replies":[{"embeddable":true,"href":"https:\/\/www.livrariarema.com.br\/loja\/wp-json\/wp\/v2\/comments?post=315530"}],"wp:featuredmedia":[{"embeddable":true,"href":"https:\/\/www.livrariarema.com.br\/loja\/wp-json\/wp\/v2\/media\/335250"}],"wp:attachment":[{"href":"https:\/\/www.livrariarema.com.br\/loja\/wp-json\/wp\/v2\/media?parent=315530"}],"wp:term":[{"taxonomy":"product_cat","embeddable":true,"href":"https:\/\/www.livrariarema.com.br\/loja\/wp-json\/wp\/v2\/product_cat?post=315530"},{"taxonomy":"product_tag","embeddable":true,"href":"https:\/\/www.livrariarema.com.br\/loja\/wp-json\/wp\/v2\/product_tag?post=315530"}],"curies":[{"name":"wp","href":"https:\/\/api.w.org\/{rel}","templated":true}]}}