{"id":315542,"date":"2024-09-18T13:01:56","date_gmt":"2024-09-18T16:01:56","guid":{"rendered":"https:\/\/www.livrariarema.com.br\/loja\/produtos\/sem categoria\/biblia-nvt-luxo-rosa\/"},"modified":"2026-01-02T15:02:57","modified_gmt":"2026-01-02T18:02:57","slug":"biblia-nvt-luxo-rosa","status":"publish","type":"product","link":"https:\/\/www.livrariarema.com.br\/loja\/produtos\/biblias\/nvt\/biblia-nvt-luxo-rosa\/","title":{"rendered":"B\u00edblia &#8211; Nvt &#8211; Luxo &#8211; Rosa"},"content":{"rendered":"<p>Resultado dos esfor\u00e7os de um comit\u00ea de tradu\u00e7\u00e3o, composto por alguns dos principais eruditos em l\u00ednguas originais da comunidade evang\u00e9lica brasileira, a B\u00edblia NVT:<br \/>\n&#8211; Tem como base textos-fonte de alta confi abilidade;<br \/>\n&#8211; Utiliza as ferramentas exeg\u00e9ticas mais atuais;<br \/>\n&#8211; \u00c9 fruto de um \u00e1rduo trabalho lingu\u00edstico de adequa\u00e7\u00e3o e supera\u00e7\u00e3o cultural e hist\u00f3rica;<br \/>\n&#8211; Apresenta uma tradu\u00e7\u00e3o exegeticamente precisa e idiomaticamente eficaz;<br \/>\n&#8211; Proporciona um texto b\u00edblico acess\u00edvel e claro.<\/p>\n","protected":false},"excerpt":{"rendered":"<p>Resultado dos esfor\u00e7os de um comit\u00ea de tradu\u00e7\u00e3o, composto por alguns dos principais eruditos em l\u00ednguas originais da comunidade evang\u00e9lica&hellip;<\/p>\n","protected":false},"featured_media":338484,"comment_status":"open","ping_status":"closed","template":"","meta":[],"product_cat":[139,225],"product_tag":[],"_links":{"self":[{"href":"https:\/\/www.livrariarema.com.br\/loja\/wp-json\/wp\/v2\/product\/315542"}],"collection":[{"href":"https:\/\/www.livrariarema.com.br\/loja\/wp-json\/wp\/v2\/product"}],"about":[{"href":"https:\/\/www.livrariarema.com.br\/loja\/wp-json\/wp\/v2\/types\/product"}],"replies":[{"embeddable":true,"href":"https:\/\/www.livrariarema.com.br\/loja\/wp-json\/wp\/v2\/comments?post=315542"}],"wp:featuredmedia":[{"embeddable":true,"href":"https:\/\/www.livrariarema.com.br\/loja\/wp-json\/wp\/v2\/media\/338484"}],"wp:attachment":[{"href":"https:\/\/www.livrariarema.com.br\/loja\/wp-json\/wp\/v2\/media?parent=315542"}],"wp:term":[{"taxonomy":"product_cat","embeddable":true,"href":"https:\/\/www.livrariarema.com.br\/loja\/wp-json\/wp\/v2\/product_cat?post=315542"},{"taxonomy":"product_tag","embeddable":true,"href":"https:\/\/www.livrariarema.com.br\/loja\/wp-json\/wp\/v2\/product_tag?post=315542"}],"curies":[{"name":"wp","href":"https:\/\/api.w.org\/{rel}","templated":true}]}}