{"id":315548,"date":"2024-09-18T13:02:17","date_gmt":"2024-09-18T16:02:17","guid":{"rendered":"https:\/\/www.livrariarema.com.br\/loja\/produtos\/sem categoria\/meu-plano-com-deus-permanente-abundancia\/"},"modified":"2025-11-28T15:01:03","modified_gmt":"2025-11-28T18:01:03","slug":"meu-plano-com-deus-permanente-abundancia","status":"publish","type":"product","link":"https:\/\/www.livrariarema.com.br\/loja\/produtos\/livros\/devocional\/meu-plano-com-deus-permanente-abundancia\/","title":{"rendered":"Meu Plano Com Deus &#8211; Permanente &#8211; Abund\u00e2ncia"},"content":{"rendered":"<p>Conte\u00fado que associa a gest\u00e3o da vida pessoal, defini\u00e7\u00e3o de metas e prioridades com a vida de devo\u00e7\u00e3o. Por conta disso, al\u00e9m de sua funcionalidade, apresenta conte\u00fado inspirador para auxiliar no desenvolvimento da espiritualidade.<\/p>\n","protected":false},"excerpt":{"rendered":"<p>Conte\u00fado que associa a gest\u00e3o da vida pessoal, defini\u00e7\u00e3o de metas e prioridades com a vida de devo\u00e7\u00e3o. Por conta&hellip;<\/p>\n","protected":false},"featured_media":338642,"comment_status":"open","ping_status":"closed","template":"","meta":[],"product_cat":[158,134],"product_tag":[],"_links":{"self":[{"href":"https:\/\/www.livrariarema.com.br\/loja\/wp-json\/wp\/v2\/product\/315548"}],"collection":[{"href":"https:\/\/www.livrariarema.com.br\/loja\/wp-json\/wp\/v2\/product"}],"about":[{"href":"https:\/\/www.livrariarema.com.br\/loja\/wp-json\/wp\/v2\/types\/product"}],"replies":[{"embeddable":true,"href":"https:\/\/www.livrariarema.com.br\/loja\/wp-json\/wp\/v2\/comments?post=315548"}],"wp:featuredmedia":[{"embeddable":true,"href":"https:\/\/www.livrariarema.com.br\/loja\/wp-json\/wp\/v2\/media\/338642"}],"wp:attachment":[{"href":"https:\/\/www.livrariarema.com.br\/loja\/wp-json\/wp\/v2\/media?parent=315548"}],"wp:term":[{"taxonomy":"product_cat","embeddable":true,"href":"https:\/\/www.livrariarema.com.br\/loja\/wp-json\/wp\/v2\/product_cat?post=315548"},{"taxonomy":"product_tag","embeddable":true,"href":"https:\/\/www.livrariarema.com.br\/loja\/wp-json\/wp\/v2\/product_tag?post=315548"}],"curies":[{"name":"wp","href":"https:\/\/api.w.org\/{rel}","templated":true}]}}