{"id":315554,"date":"2024-09-18T13:02:40","date_gmt":"2024-09-18T16:02:40","guid":{"rendered":"https:\/\/www.livrariarema.com.br\/loja\/produtos\/sem categoria\/dia-a-dia-com-a-biblia-lectio-divina-vitral\/"},"modified":"2025-03-12T10:10:10","modified_gmt":"2025-03-12T13:10:10","slug":"dia-a-dia-com-a-biblia-lectio-divina-vitral","status":"publish","type":"product","link":"https:\/\/www.livrariarema.com.br\/loja\/produtos\/livros\/devocional\/dia-a-dia-com-a-biblia-lectio-divina-vitral\/","title":{"rendered":"Dia A Dia Com A B\u00edblia &#8211; Lectio Divina &#8211; Vitral"},"content":{"rendered":"<p>Oferece por\u00e7\u00f5es b\u00edblicas di\u00e1rias e se inspira no tradicional m\u00e9todo de leitura orante para conduzir o leitor em uma jornada de f\u00e9. \u00c9 perfeito para quem est\u00e1 iniciando o h\u00e1bito da leitura da B\u00edblia ou deseja uma nova abordagem para refletir nas Escrituras. Traz reflex\u00f5es acompanhadas das se\u00e7\u00f5es Reflita, com perguntas para melhor compreens\u00e3o do sentido do texto, e Reaja, com aplica\u00e7\u00f5es pr\u00e1ticas que nos convidam \u00e0 a\u00e7\u00e3o e compromisso com o Senhor. Cont\u00e9m: arquivos de \u00e1udio acess\u00edveis via QR Code, trazendo a narra\u00e7\u00e3o da passagem b\u00edblica do dia; espa\u00e7o para anota\u00e7\u00f5es di\u00e1rias.<\/p>\n","protected":false},"excerpt":{"rendered":"<p>Oferece por\u00e7\u00f5es b\u00edblicas di\u00e1rias e se inspira no tradicional m\u00e9todo de leitura orante para conduzir o leitor em uma jornada&hellip;<\/p>\n","protected":false},"featured_media":320659,"comment_status":"open","ping_status":"closed","template":"","meta":[],"product_cat":[158,134],"product_tag":[],"_links":{"self":[{"href":"https:\/\/www.livrariarema.com.br\/loja\/wp-json\/wp\/v2\/product\/315554"}],"collection":[{"href":"https:\/\/www.livrariarema.com.br\/loja\/wp-json\/wp\/v2\/product"}],"about":[{"href":"https:\/\/www.livrariarema.com.br\/loja\/wp-json\/wp\/v2\/types\/product"}],"replies":[{"embeddable":true,"href":"https:\/\/www.livrariarema.com.br\/loja\/wp-json\/wp\/v2\/comments?post=315554"}],"wp:featuredmedia":[{"embeddable":true,"href":"https:\/\/www.livrariarema.com.br\/loja\/wp-json\/wp\/v2\/media\/320659"}],"wp:attachment":[{"href":"https:\/\/www.livrariarema.com.br\/loja\/wp-json\/wp\/v2\/media?parent=315554"}],"wp:term":[{"taxonomy":"product_cat","embeddable":true,"href":"https:\/\/www.livrariarema.com.br\/loja\/wp-json\/wp\/v2\/product_cat?post=315554"},{"taxonomy":"product_tag","embeddable":true,"href":"https:\/\/www.livrariarema.com.br\/loja\/wp-json\/wp\/v2\/product_tag?post=315554"}],"curies":[{"name":"wp","href":"https:\/\/api.w.org\/{rel}","templated":true}]}}