{"id":315566,"date":"2024-09-18T13:03:24","date_gmt":"2024-09-18T16:03:24","guid":{"rendered":"https:\/\/www.livrariarema.com.br\/loja\/produtos\/sem%20categoria\/manhas-com-deus-charles-h-spurgeon-capa-dura\/"},"modified":"2026-02-12T16:09:15","modified_gmt":"2026-02-12T19:09:15","slug":"manhas-com-deus-charles-h-spurgeon-capa-dura","status":"publish","type":"product","link":"https:\/\/www.livrariarema.com.br\/loja\/produtos\/livros\/devocional\/manhas-com-deus-charles-h-spurgeon-capa-dura\/","title":{"rendered":"Manh\u00e3s Com Deus &#8211; Charles H. Spurgeon &#8211; Capa Dura"},"content":{"rendered":"<p>&#8220;Apresenta medita\u00e7\u00f5es escritas por Charles H. Spurgeon, conhecido como o &#8220;Pr\u00edncipe dos pregadores&#8221;, na Inglaterra do s\u00e9culo 19. Este devocional foi extra\u00eddo do conhecido Dia a dia com Spurgeon &#8211; manh\u00e3 e noite (Publica\u00e7\u00f5es P\u00e3o Di\u00e1rio, 2022). A linguagem atual preserva as caracter\u00edsticas hist\u00f3ricas do texto.<Br><br \/>\nO autor aborda com profundidade e de forma pr\u00e1tica temas relevantes como expia\u00e7\u00e3o, elei\u00e7\u00e3o, santifica\u00e7\u00e3o, intimidade com Deus, vida de ora\u00e7\u00e3o, perseveran\u00e7a nas prova\u00e7\u00f5es, entre outros.&#8221;<\/p>\n","protected":false},"excerpt":{"rendered":"<p>&#8220;Apresenta medita\u00e7\u00f5es escritas por Charles H. Spurgeon, conhecido como o &#8220;Pr\u00edncipe dos pregadores&#8221;, na Inglaterra do s\u00e9culo 19. Este devocional&hellip;<\/p>\n","protected":false},"featured_media":338645,"comment_status":"open","ping_status":"closed","template":"","meta":[],"product_cat":[158,134],"product_tag":[],"_links":{"self":[{"href":"https:\/\/www.livrariarema.com.br\/loja\/wp-json\/wp\/v2\/product\/315566"}],"collection":[{"href":"https:\/\/www.livrariarema.com.br\/loja\/wp-json\/wp\/v2\/product"}],"about":[{"href":"https:\/\/www.livrariarema.com.br\/loja\/wp-json\/wp\/v2\/types\/product"}],"replies":[{"embeddable":true,"href":"https:\/\/www.livrariarema.com.br\/loja\/wp-json\/wp\/v2\/comments?post=315566"}],"wp:featuredmedia":[{"embeddable":true,"href":"https:\/\/www.livrariarema.com.br\/loja\/wp-json\/wp\/v2\/media\/338645"}],"wp:attachment":[{"href":"https:\/\/www.livrariarema.com.br\/loja\/wp-json\/wp\/v2\/media?parent=315566"}],"wp:term":[{"taxonomy":"product_cat","embeddable":true,"href":"https:\/\/www.livrariarema.com.br\/loja\/wp-json\/wp\/v2\/product_cat?post=315566"},{"taxonomy":"product_tag","embeddable":true,"href":"https:\/\/www.livrariarema.com.br\/loja\/wp-json\/wp\/v2\/product_tag?post=315566"}],"curies":[{"name":"wp","href":"https:\/\/api.w.org\/{rel}","templated":true}]}}