{"id":315568,"date":"2024-09-18T13:03:31","date_gmt":"2024-09-18T16:03:31","guid":{"rendered":"https:\/\/www.livrariarema.com.br\/loja\/produtos\/sem categoria\/meu-plano-com-deus-permanente-refugio\/"},"modified":"2025-12-16T11:04:54","modified_gmt":"2025-12-16T14:04:54","slug":"meu-plano-com-deus-permanente-refugio","status":"publish","type":"product","link":"https:\/\/www.livrariarema.com.br\/loja\/produtos\/livros\/devocional\/meu-plano-com-deus-permanente-refugio\/","title":{"rendered":"Meu Plano Com Deus &#8211; Permanente &#8211; Ref\u00fagio"},"content":{"rendered":"<p>Conte\u00fado que associa a gest\u00e3o da vida pessoal, defini\u00e7\u00e3o de metas e prioridades com a vida de devo\u00e7\u00e3o. Por conta disso, al\u00e9m de sua funcionalidade, apresenta conte\u00fado inspirador para auxiliar no desenvolvimento da espiritualidade.<\/p>\n","protected":false},"excerpt":{"rendered":"<p>Conte\u00fado que associa a gest\u00e3o da vida pessoal, defini\u00e7\u00e3o de metas e prioridades com a vida de devo\u00e7\u00e3o. Por conta&hellip;<\/p>\n","protected":false},"featured_media":340807,"comment_status":"open","ping_status":"closed","template":"","meta":[],"product_cat":[158,134],"product_tag":[],"_links":{"self":[{"href":"https:\/\/www.livrariarema.com.br\/loja\/wp-json\/wp\/v2\/product\/315568"}],"collection":[{"href":"https:\/\/www.livrariarema.com.br\/loja\/wp-json\/wp\/v2\/product"}],"about":[{"href":"https:\/\/www.livrariarema.com.br\/loja\/wp-json\/wp\/v2\/types\/product"}],"replies":[{"embeddable":true,"href":"https:\/\/www.livrariarema.com.br\/loja\/wp-json\/wp\/v2\/comments?post=315568"}],"wp:featuredmedia":[{"embeddable":true,"href":"https:\/\/www.livrariarema.com.br\/loja\/wp-json\/wp\/v2\/media\/340807"}],"wp:attachment":[{"href":"https:\/\/www.livrariarema.com.br\/loja\/wp-json\/wp\/v2\/media?parent=315568"}],"wp:term":[{"taxonomy":"product_cat","embeddable":true,"href":"https:\/\/www.livrariarema.com.br\/loja\/wp-json\/wp\/v2\/product_cat?post=315568"},{"taxonomy":"product_tag","embeddable":true,"href":"https:\/\/www.livrariarema.com.br\/loja\/wp-json\/wp\/v2\/product_tag?post=315568"}],"curies":[{"name":"wp","href":"https:\/\/api.w.org\/{rel}","templated":true}]}}