{"id":315728,"date":"2024-09-18T15:06:11","date_gmt":"2024-09-18T18:06:11","guid":{"rendered":"https:\/\/www.livrariarema.com.br\/loja\/produtos\/sem categoria\/forca-e-fe-cuidando-se-para-cuidar-52-devocionais-para-maes\/"},"modified":"2026-03-14T12:40:20","modified_gmt":"2026-03-14T15:40:20","slug":"forca-e-fe-cuidando-se-para-cuidar-52-devocionais-para-maes","status":"publish","type":"product","link":"https:\/\/www.livrariarema.com.br\/loja\/produtos\/livros\/devocional\/forca-e-fe-cuidando-se-para-cuidar-52-devocionais-para-maes\/","title":{"rendered":"For\u00e7a E F\u00e9 &#8211; Cuidando-Se Para Cuidar &#8211; 52 Devocionais Para M\u00e3es"},"content":{"rendered":"<p>Este devocional foi especialmente elaborado para alcan\u00e7ar e cuidar de mulheres que abra\u00e7aram a nobre miss\u00e3o de serem m\u00e3es. Nesta obra, Melina Robaina compartilha conosco as viv\u00eancias com suas tr\u00eas filhas e oferece reflex\u00f5es b\u00edblicas e pr\u00e1ticas para auxiliar outras mulheres a terem comunh\u00e3o com Deus em meio ao turbilh\u00e3o do dia a dia. Traz 52 reflex\u00f5es semanais baseadas em textos b\u00edblicos, al\u00e9m de perguntas para aplica\u00e7\u00e3o. Um livro ideal para presentear. Possui conte\u00fado edificante, visual elegante e linguagem acess\u00edvel.<\/p>\n","protected":false},"excerpt":{"rendered":"<p>Este devocional foi especialmente elaborado para alcan\u00e7ar e cuidar de mulheres que abra\u00e7aram a nobre miss\u00e3o de serem m\u00e3es. Nesta&hellip;<\/p>\n","protected":false},"featured_media":321893,"comment_status":"open","ping_status":"closed","template":"","meta":[],"product_cat":[158,134],"product_tag":[],"_links":{"self":[{"href":"https:\/\/www.livrariarema.com.br\/loja\/wp-json\/wp\/v2\/product\/315728"}],"collection":[{"href":"https:\/\/www.livrariarema.com.br\/loja\/wp-json\/wp\/v2\/product"}],"about":[{"href":"https:\/\/www.livrariarema.com.br\/loja\/wp-json\/wp\/v2\/types\/product"}],"replies":[{"embeddable":true,"href":"https:\/\/www.livrariarema.com.br\/loja\/wp-json\/wp\/v2\/comments?post=315728"}],"wp:featuredmedia":[{"embeddable":true,"href":"https:\/\/www.livrariarema.com.br\/loja\/wp-json\/wp\/v2\/media\/321893"}],"wp:attachment":[{"href":"https:\/\/www.livrariarema.com.br\/loja\/wp-json\/wp\/v2\/media?parent=315728"}],"wp:term":[{"taxonomy":"product_cat","embeddable":true,"href":"https:\/\/www.livrariarema.com.br\/loja\/wp-json\/wp\/v2\/product_cat?post=315728"},{"taxonomy":"product_tag","embeddable":true,"href":"https:\/\/www.livrariarema.com.br\/loja\/wp-json\/wp\/v2\/product_tag?post=315728"}],"curies":[{"name":"wp","href":"https:\/\/api.w.org\/{rel}","templated":true}]}}