{"id":315730,"date":"2024-09-18T15:06:19","date_gmt":"2024-09-18T18:06:19","guid":{"rendered":"https:\/\/www.livrariarema.com.br\/loja\/produtos\/sem categoria\/pao-diario-90-reflexoes-para-seu-momento-devocional-montanha\/"},"modified":"2025-12-02T15:03:33","modified_gmt":"2025-12-02T18:03:33","slug":"pao-diario-90-reflexoes-para-seu-momento-devocional-montanha","status":"publish","type":"product","link":"https:\/\/www.livrariarema.com.br\/loja\/produtos\/livros\/devocional\/pao-diario-90-reflexoes-para-seu-momento-devocional-montanha\/","title":{"rendered":"P\u00e3o Di\u00e1rio &#8211; 90 Reflex\u00f5es Para Seu Momento Devocional &#8211; Montanha"},"content":{"rendered":"<p>O devocional P\u00e3o Di\u00e1rio \u00e9 um livro que cont\u00e9m reflex\u00f5es para serem lidas diariamente.<br \/>\n<br \/>\n\u00c9 o mais vendido e lido no mundo. Distribu\u00edmos mais de 60 milh\u00f5es de exemplares em 58 idiomas para 156 pa\u00edses por ano.<\/p>\n<p>Estas mensagens auxiliam voc\u00ea a desfrutar da comunh\u00e3o e da presen\u00e7a de Deus. Separe um tempo, um local mais tranquilo para ler o vers\u00edculo do dia, o texto da medita\u00e7\u00e3o e o pensamento final. <\/p>\n<p>Reflita e pe\u00e7a a Deus que o ajude a compreender a Sua Palavra. Deixe fluir dessa fonte as b\u00ean\u00e7\u00e3os do Alt\u00edssimo em voc\u00ea.<\/p>\n<p>Ideal para presentear quem voc\u00ea ama. Espalhe essa fonte de b\u00ean\u00e7\u00e3os para os que o cercam.<\/p>\n","protected":false},"excerpt":{"rendered":"<p>O devocional P\u00e3o Di\u00e1rio \u00e9 um livro que cont\u00e9m reflex\u00f5es para serem lidas diariamente. \u00c9 o mais vendido e lido&hellip;<\/p>\n","protected":false},"featured_media":338649,"comment_status":"open","ping_status":"closed","template":"","meta":[],"product_cat":[158,134],"product_tag":[],"_links":{"self":[{"href":"https:\/\/www.livrariarema.com.br\/loja\/wp-json\/wp\/v2\/product\/315730"}],"collection":[{"href":"https:\/\/www.livrariarema.com.br\/loja\/wp-json\/wp\/v2\/product"}],"about":[{"href":"https:\/\/www.livrariarema.com.br\/loja\/wp-json\/wp\/v2\/types\/product"}],"replies":[{"embeddable":true,"href":"https:\/\/www.livrariarema.com.br\/loja\/wp-json\/wp\/v2\/comments?post=315730"}],"wp:featuredmedia":[{"embeddable":true,"href":"https:\/\/www.livrariarema.com.br\/loja\/wp-json\/wp\/v2\/media\/338649"}],"wp:attachment":[{"href":"https:\/\/www.livrariarema.com.br\/loja\/wp-json\/wp\/v2\/media?parent=315730"}],"wp:term":[{"taxonomy":"product_cat","embeddable":true,"href":"https:\/\/www.livrariarema.com.br\/loja\/wp-json\/wp\/v2\/product_cat?post=315730"},{"taxonomy":"product_tag","embeddable":true,"href":"https:\/\/www.livrariarema.com.br\/loja\/wp-json\/wp\/v2\/product_tag?post=315730"}],"curies":[{"name":"wp","href":"https:\/\/api.w.org\/{rel}","templated":true}]}}