{"id":315994,"date":"2024-09-20T11:18:57","date_gmt":"2024-09-20T14:18:57","guid":{"rendered":"https:\/\/www.livrariarema.com.br\/loja\/produtos\/sem categoria\/arc064hzlglv-biblia-com-harpa-letra-grande-ziper-preta\/"},"modified":"2025-12-12T15:30:36","modified_gmt":"2025-12-12T18:30:36","slug":"arc064hzlglv-biblia-com-harpa-letra-grande-ziper-preta","status":"publish","type":"product","link":"https:\/\/www.livrariarema.com.br\/loja\/produtos\/biblias\/revista-corrigida-com-harpa\/arc064hzlglv-biblia-com-harpa-letra-grande-ziper-preta\/","title":{"rendered":"Arc064hzlglv &#8211; B\u00edblia Com Harpa &#8211; Letra Grande &#8211; Z\u00edper &#8211; Preta"},"content":{"rendered":"<p>B\u00edblia Sagrada com palavras de Jesus impressas em vermelho e Harpa Crist\u00e3.<\/p>\n","protected":false},"excerpt":{"rendered":"<p>B\u00edblia Sagrada com palavras de Jesus impressas em vermelho e Harpa Crist\u00e3.<\/p>\n","protected":false},"featured_media":332584,"comment_status":"open","ping_status":"closed","template":"","meta":[],"product_cat":[139,151],"product_tag":[],"_links":{"self":[{"href":"https:\/\/www.livrariarema.com.br\/loja\/wp-json\/wp\/v2\/product\/315994"}],"collection":[{"href":"https:\/\/www.livrariarema.com.br\/loja\/wp-json\/wp\/v2\/product"}],"about":[{"href":"https:\/\/www.livrariarema.com.br\/loja\/wp-json\/wp\/v2\/types\/product"}],"replies":[{"embeddable":true,"href":"https:\/\/www.livrariarema.com.br\/loja\/wp-json\/wp\/v2\/comments?post=315994"}],"wp:featuredmedia":[{"embeddable":true,"href":"https:\/\/www.livrariarema.com.br\/loja\/wp-json\/wp\/v2\/media\/332584"}],"wp:attachment":[{"href":"https:\/\/www.livrariarema.com.br\/loja\/wp-json\/wp\/v2\/media?parent=315994"}],"wp:term":[{"taxonomy":"product_cat","embeddable":true,"href":"https:\/\/www.livrariarema.com.br\/loja\/wp-json\/wp\/v2\/product_cat?post=315994"},{"taxonomy":"product_tag","embeddable":true,"href":"https:\/\/www.livrariarema.com.br\/loja\/wp-json\/wp\/v2\/product_tag?post=315994"}],"curies":[{"name":"wp","href":"https:\/\/api.w.org\/{rel}","templated":true}]}}