{"id":316199,"date":"2024-09-20T14:45:34","date_gmt":"2024-09-20T17:45:34","guid":{"rendered":"https:\/\/www.livrariarema.com.br\/loja\/produtos\/sem categoria\/na81jr-slim-biblia-sagrada-jornada-floral-azul\/"},"modified":"2026-01-29T16:23:23","modified_gmt":"2026-01-29T19:23:23","slug":"na81jr-slim-biblia-sagrada-jornada-floral-azul","status":"publish","type":"product","link":"https:\/\/www.livrariarema.com.br\/loja\/produtos\/biblias\/nova-almeida-atualizada\/na81jr-slim-biblia-sagrada-jornada-floral-azul\/","title":{"rendered":"Na81jr-Slim &#8211; B\u00edblia Sagrada Jornada &#8211; Floral Azul"},"content":{"rendered":"<p>A B\u00edblia \u00e9 o livro que conta a jornada do ser humano neste mundo e o seu relacionamento com o Deus Criador e Salvador. Al\u00e9m do texto b\u00edblico na Nova Almeida Atualizada (NAA), e uma s\u00e9rie de recursos para que o leitor construa a sua jornada particular com Deus, est\u00e1 \u00e9 uma edi\u00e7\u00e3o slim; um formato moderno e pr\u00e1tico para o dia a dia.<\/p>\n","protected":false},"excerpt":{"rendered":"<p>A B\u00edblia \u00e9 o livro que conta a jornada do ser humano neste mundo e o seu relacionamento com o&hellip;<\/p>\n","protected":false},"featured_media":343949,"comment_status":"open","ping_status":"closed","template":"","meta":[],"product_cat":[139,174],"product_tag":[],"_links":{"self":[{"href":"https:\/\/www.livrariarema.com.br\/loja\/wp-json\/wp\/v2\/product\/316199"}],"collection":[{"href":"https:\/\/www.livrariarema.com.br\/loja\/wp-json\/wp\/v2\/product"}],"about":[{"href":"https:\/\/www.livrariarema.com.br\/loja\/wp-json\/wp\/v2\/types\/product"}],"replies":[{"embeddable":true,"href":"https:\/\/www.livrariarema.com.br\/loja\/wp-json\/wp\/v2\/comments?post=316199"}],"wp:featuredmedia":[{"embeddable":true,"href":"https:\/\/www.livrariarema.com.br\/loja\/wp-json\/wp\/v2\/media\/343949"}],"wp:attachment":[{"href":"https:\/\/www.livrariarema.com.br\/loja\/wp-json\/wp\/v2\/media?parent=316199"}],"wp:term":[{"taxonomy":"product_cat","embeddable":true,"href":"https:\/\/www.livrariarema.com.br\/loja\/wp-json\/wp\/v2\/product_cat?post=316199"},{"taxonomy":"product_tag","embeddable":true,"href":"https:\/\/www.livrariarema.com.br\/loja\/wp-json\/wp\/v2\/product_tag?post=316199"}],"curies":[{"name":"wp","href":"https:\/\/api.w.org\/{rel}","templated":true}]}}