{"id":316208,"date":"2024-09-20T14:46:35","date_gmt":"2024-09-20T17:46:35","guid":{"rendered":"https:\/\/www.livrariarema.com.br\/loja\/produtos\/sem categoria\/ntlh061bj-edicao-com-notas-para-jovens-azul\/"},"modified":"2026-01-21T17:30:45","modified_gmt":"2026-01-21T20:30:45","slug":"ntlh061bj-edicao-com-notas-para-jovens-azul","status":"publish","type":"product","link":"https:\/\/www.livrariarema.com.br\/loja\/produtos\/biblias\/juvenil-biblias\/ntlh061bj-edicao-com-notas-para-jovens-azul\/","title":{"rendered":"Ntlh061bj &#8211; Edi\u00e7\u00e3o Com Notas Para Jovens &#8211; Azul"},"content":{"rendered":"<p>Utilizando linguagem voltada para o jovem, esta B\u00edblia facilita a compreens\u00e3o do texto sagrado e sua aplica\u00e7\u00e3o no dia a dia.<\/p>\n","protected":false},"excerpt":{"rendered":"<p>Utilizando linguagem voltada para o jovem, esta B\u00edblia facilita a compreens\u00e3o do texto sagrado e sua aplica\u00e7\u00e3o no dia a&hellip;<\/p>\n","protected":false},"featured_media":338430,"comment_status":"open","ping_status":"closed","template":"","meta":[],"product_cat":[139,192],"product_tag":[],"_links":{"self":[{"href":"https:\/\/www.livrariarema.com.br\/loja\/wp-json\/wp\/v2\/product\/316208"}],"collection":[{"href":"https:\/\/www.livrariarema.com.br\/loja\/wp-json\/wp\/v2\/product"}],"about":[{"href":"https:\/\/www.livrariarema.com.br\/loja\/wp-json\/wp\/v2\/types\/product"}],"replies":[{"embeddable":true,"href":"https:\/\/www.livrariarema.com.br\/loja\/wp-json\/wp\/v2\/comments?post=316208"}],"wp:featuredmedia":[{"embeddable":true,"href":"https:\/\/www.livrariarema.com.br\/loja\/wp-json\/wp\/v2\/media\/338430"}],"wp:attachment":[{"href":"https:\/\/www.livrariarema.com.br\/loja\/wp-json\/wp\/v2\/media?parent=316208"}],"wp:term":[{"taxonomy":"product_cat","embeddable":true,"href":"https:\/\/www.livrariarema.com.br\/loja\/wp-json\/wp\/v2\/product_cat?post=316208"},{"taxonomy":"product_tag","embeddable":true,"href":"https:\/\/www.livrariarema.com.br\/loja\/wp-json\/wp\/v2\/product_tag?post=316208"}],"curies":[{"name":"wp","href":"https:\/\/api.w.org\/{rel}","templated":true}]}}