{"id":316214,"date":"2024-09-20T14:47:01","date_gmt":"2024-09-20T17:47:01","guid":{"rendered":"https:\/\/www.livrariarema.com.br\/loja\/produtos\/sem%20categoria\/ra63m-biblia-para-evangelizacao-capa-dura-lettering\/"},"modified":"2026-01-31T13:00:16","modified_gmt":"2026-01-31T16:00:16","slug":"ra63m-biblia-para-evangelizacao-capa-dura-lettering","status":"publish","type":"product","link":"https:\/\/www.livrariarema.com.br\/loja\/produtos\/biblias\/revista-atualizada\/ra63m-biblia-para-evangelizacao-capa-dura-lettering\/","title":{"rendered":"Ra63m &#8211; B\u00edblia &#8211; Letra Normal &#8211; Capa Dura &#8211; Lettering"},"content":{"rendered":"<p>O lettering, que pode variar de estilos cl\u00e1ssicos a modernos, apresenta uma tipografia cuidadosamente escolhida, refletindo a import\u00e2ncia e a beleza do texto sagrado. Por seu valor acess\u00edvel, \u00e9 ideal para a\u00e7\u00f5es de evangeliza\u00e7\u00e3o. Cont\u00e9m um conjunto de recursos que fazem desta B\u00edblia uma excelente op\u00e7\u00e3o para o dia-a-dia.<\/p>\n","protected":false},"excerpt":{"rendered":"<p>O lettering, que pode variar de estilos cl\u00e1ssicos a modernos, apresenta uma tipografia cuidadosamente escolhida, refletindo a import\u00e2ncia e a&hellip;<\/p>\n","protected":false},"featured_media":336843,"comment_status":"open","ping_status":"closed","template":"","meta":[],"product_cat":[139,173],"product_tag":[],"_links":{"self":[{"href":"https:\/\/www.livrariarema.com.br\/loja\/wp-json\/wp\/v2\/product\/316214"}],"collection":[{"href":"https:\/\/www.livrariarema.com.br\/loja\/wp-json\/wp\/v2\/product"}],"about":[{"href":"https:\/\/www.livrariarema.com.br\/loja\/wp-json\/wp\/v2\/types\/product"}],"replies":[{"embeddable":true,"href":"https:\/\/www.livrariarema.com.br\/loja\/wp-json\/wp\/v2\/comments?post=316214"}],"wp:featuredmedia":[{"embeddable":true,"href":"https:\/\/www.livrariarema.com.br\/loja\/wp-json\/wp\/v2\/media\/336843"}],"wp:attachment":[{"href":"https:\/\/www.livrariarema.com.br\/loja\/wp-json\/wp\/v2\/media?parent=316214"}],"wp:term":[{"taxonomy":"product_cat","embeddable":true,"href":"https:\/\/www.livrariarema.com.br\/loja\/wp-json\/wp\/v2\/product_cat?post=316214"},{"taxonomy":"product_tag","embeddable":true,"href":"https:\/\/www.livrariarema.com.br\/loja\/wp-json\/wp\/v2\/product_tag?post=316214"}],"curies":[{"name":"wp","href":"https:\/\/api.w.org\/{rel}","templated":true}]}}