{"id":316372,"date":"2024-09-20T15:10:37","date_gmt":"2024-09-20T18:10:37","guid":{"rendered":"https:\/\/www.livrariarema.com.br\/loja\/produtos\/sem%20categoria\/devocional-pensamentos-poderosos-joyce-meyer\/"},"modified":"2026-02-09T10:20:39","modified_gmt":"2026-02-09T13:20:39","slug":"devocional-pensamentos-poderosos-joyce-meyer","status":"publish","type":"product","link":"https:\/\/www.livrariarema.com.br\/loja\/produtos\/livros\/devocional\/devocional-pensamentos-poderosos-joyce-meyer\/","title":{"rendered":"Devocional Pensamentos Poderosos &#8211; Joyce Meyer"},"content":{"rendered":"<p>Baseado no best-seller Pensamentos Poderosos de Joyce Meyer, este devocional inclui 365 oportunidades para manifestar o poder de Deus em sua vida di\u00e1ria, ao levar voc\u00ea a pensar e falar como Deus. S\u00e3o declara\u00e7\u00f5es transformadoras, extra\u00eddas diretamente da verdade da Palavra de Deus, para ajudar voc\u00ea a pensar e a declarar sobre sua vida todos os dias do ano.<\/p>\n<p>Prov\u00e9rbios 18:21 diz: &#8220;A morte e a vida est\u00e3o no poder da l\u00edngua&#8221;. Isso significa que nossas palavras s\u00e3o cont\u00eaineres de poder &#8211; que pode ser positivo ou negativo, criativo ou destrutivo. Portanto, \u00e9 essencial que voc\u00ea aprenda a pensar e falar intencionalmente.<\/p>\n<p>Se voc\u00ea luta contra pensamentos negativos, cheios de cr\u00edtica ou julgamento sobre pessoas e situa\u00e7\u00f5es, n\u00e3o desanime. Deus quer ajudar voc\u00ea a renovar sua mente para pensar e falar como Ele deseja.<\/p>\n<p>Neste Devocional, Pensamentos Poderosos, a autora Joyce Meyer te ensina a pensar e falar pensamentos que te ajudar\u00e3o a experimentar e aproveitar a vida que Deus criou para voc\u00ea.<\/p>\n","protected":false},"excerpt":{"rendered":"<p>Baseado no best-seller Pensamentos Poderosos de Joyce Meyer, este devocional inclui 365 oportunidades para manifestar o poder de Deus em&hellip;<\/p>\n","protected":false},"featured_media":342793,"comment_status":"open","ping_status":"closed","template":"","meta":[],"product_cat":[158,134],"product_tag":[],"_links":{"self":[{"href":"https:\/\/www.livrariarema.com.br\/loja\/wp-json\/wp\/v2\/product\/316372"}],"collection":[{"href":"https:\/\/www.livrariarema.com.br\/loja\/wp-json\/wp\/v2\/product"}],"about":[{"href":"https:\/\/www.livrariarema.com.br\/loja\/wp-json\/wp\/v2\/types\/product"}],"replies":[{"embeddable":true,"href":"https:\/\/www.livrariarema.com.br\/loja\/wp-json\/wp\/v2\/comments?post=316372"}],"wp:featuredmedia":[{"embeddable":true,"href":"https:\/\/www.livrariarema.com.br\/loja\/wp-json\/wp\/v2\/media\/342793"}],"wp:attachment":[{"href":"https:\/\/www.livrariarema.com.br\/loja\/wp-json\/wp\/v2\/media?parent=316372"}],"wp:term":[{"taxonomy":"product_cat","embeddable":true,"href":"https:\/\/www.livrariarema.com.br\/loja\/wp-json\/wp\/v2\/product_cat?post=316372"},{"taxonomy":"product_tag","embeddable":true,"href":"https:\/\/www.livrariarema.com.br\/loja\/wp-json\/wp\/v2\/product_tag?post=316372"}],"curies":[{"name":"wp","href":"https:\/\/api.w.org\/{rel}","templated":true}]}}