{"id":316374,"date":"2024-09-20T15:10:46","date_gmt":"2024-09-20T18:10:46","guid":{"rendered":"https:\/\/www.livrariarema.com.br\/loja\/produtos\/sem%20categoria\/voce-confiante-joyce-meyer\/"},"modified":"2026-04-28T11:02:20","modified_gmt":"2026-04-28T14:02:20","slug":"voce-confiante-joyce-meyer","status":"publish","type":"product","link":"https:\/\/www.livrariarema.com.br\/loja\/produtos\/livros\/vida-crista\/voce-confiante-joyce-meyer\/","title":{"rendered":"Voc\u00ea Confiante &#8211; Joyce Meyer"},"content":{"rendered":"<p>Conseguimos perceber a confian\u00e7a de uma pessoa ao simplesmente olhar para ela. Fica percept\u00edvel no jeito dela de andar e de manter a cabe\u00e7a erguida. Notamos isso na forma como ela lida com outras pessoas e nos \u00eaxitos que ela desfruta.<\/p>\n<p>A confian\u00e7a \u00e9 uma qualidade que muitos admiram e almejam, mas, \u00e0s vezes, t\u00eam dificuldade de desenvolver. A boa not\u00edcia \u00e9 que a confian\u00e7a pode ser alcan\u00e7ada por qualquer pessoa, a confian\u00e7a \u00e9 como a disciplina ou a for\u00e7a f\u00edsica: pode ser cultivada.<\/p>\n<p>Embora a confian\u00e7a esteja geralmente associada a pessoas que t\u00eam personalidade forte, \u00e9 poss\u00edvel ser calmo e reservado, estudioso e s\u00e9rio ou tranquilo e descontra\u00eddo, e ainda assim confiante. Tornar-se confiante n\u00e3o significa assumir uma personalidade diferente. \u00c9 sobre assumir a melhor, mais corajosa e positiva vers\u00e3o de voc\u00ea mesmo.<\/p>\n<p>Neste livro, Voc\u00ea Confiante, a autora, Joyce Meyer, te levar\u00e1 a uma jornada de crescimento em confian\u00e7a. H\u00e1 vers\u00edculos que a autora chama de &#8220;Impulsionadores da Confian\u00e7a&#8221;, que o fortalecer\u00e1 para se tornar a sua vers\u00e3o mais confiante !<\/p>\n","protected":false},"excerpt":{"rendered":"<p>Conseguimos perceber a confian\u00e7a de uma pessoa ao simplesmente olhar para ela. Fica percept\u00edvel no jeito dela de andar e&hellip;<\/p>\n","protected":false},"featured_media":327921,"comment_status":"open","ping_status":"closed","template":"","meta":[],"product_cat":[134,137],"product_tag":[],"_links":{"self":[{"href":"https:\/\/www.livrariarema.com.br\/loja\/wp-json\/wp\/v2\/product\/316374"}],"collection":[{"href":"https:\/\/www.livrariarema.com.br\/loja\/wp-json\/wp\/v2\/product"}],"about":[{"href":"https:\/\/www.livrariarema.com.br\/loja\/wp-json\/wp\/v2\/types\/product"}],"replies":[{"embeddable":true,"href":"https:\/\/www.livrariarema.com.br\/loja\/wp-json\/wp\/v2\/comments?post=316374"}],"wp:featuredmedia":[{"embeddable":true,"href":"https:\/\/www.livrariarema.com.br\/loja\/wp-json\/wp\/v2\/media\/327921"}],"wp:attachment":[{"href":"https:\/\/www.livrariarema.com.br\/loja\/wp-json\/wp\/v2\/media?parent=316374"}],"wp:term":[{"taxonomy":"product_cat","embeddable":true,"href":"https:\/\/www.livrariarema.com.br\/loja\/wp-json\/wp\/v2\/product_cat?post=316374"},{"taxonomy":"product_tag","embeddable":true,"href":"https:\/\/www.livrariarema.com.br\/loja\/wp-json\/wp\/v2\/product_tag?post=316374"}],"curies":[{"name":"wp","href":"https:\/\/api.w.org\/{rel}","templated":true}]}}