{"id":316430,"date":"2024-09-20T15:19:48","date_gmt":"2024-09-20T18:19:48","guid":{"rendered":"https:\/\/www.livrariarema.com.br\/loja\/produtos\/sem categoria\/na065tilgi-biblia-letra-gigante-indice-preta\/"},"modified":"2026-04-25T09:20:19","modified_gmt":"2026-04-25T12:20:19","slug":"na065tilgi-biblia-letra-gigante-indice-preta","status":"publish","type":"product","link":"https:\/\/www.livrariarema.com.br\/loja\/produtos\/biblias\/nova-almeida-atualizada\/na065tilgi-biblia-letra-gigante-indice-preta\/","title":{"rendered":"Na065tilgi &#8211; B\u00edblia Letra Gigante &#8211; \u00cdndice &#8211; Preta"},"content":{"rendered":"<p>Essa edi\u00e7\u00e3o da B\u00edblia Sagrada \u00e9 ideal para quem deseja ler a Palavra de Deus diariamente e procura um texto cl\u00e1ssico mas com linguagem atual.<\/p>\n","protected":false},"excerpt":{"rendered":"<p>Essa edi\u00e7\u00e3o da B\u00edblia Sagrada \u00e9 ideal para quem deseja ler a Palavra de Deus diariamente e procura um texto&hellip;<\/p>\n","protected":false},"featured_media":343898,"comment_status":"open","ping_status":"closed","template":"","meta":[],"product_cat":[139,174],"product_tag":[],"_links":{"self":[{"href":"https:\/\/www.livrariarema.com.br\/loja\/wp-json\/wp\/v2\/product\/316430"}],"collection":[{"href":"https:\/\/www.livrariarema.com.br\/loja\/wp-json\/wp\/v2\/product"}],"about":[{"href":"https:\/\/www.livrariarema.com.br\/loja\/wp-json\/wp\/v2\/types\/product"}],"replies":[{"embeddable":true,"href":"https:\/\/www.livrariarema.com.br\/loja\/wp-json\/wp\/v2\/comments?post=316430"}],"wp:featuredmedia":[{"embeddable":true,"href":"https:\/\/www.livrariarema.com.br\/loja\/wp-json\/wp\/v2\/media\/343898"}],"wp:attachment":[{"href":"https:\/\/www.livrariarema.com.br\/loja\/wp-json\/wp\/v2\/media?parent=316430"}],"wp:term":[{"taxonomy":"product_cat","embeddable":true,"href":"https:\/\/www.livrariarema.com.br\/loja\/wp-json\/wp\/v2\/product_cat?post=316430"},{"taxonomy":"product_tag","embeddable":true,"href":"https:\/\/www.livrariarema.com.br\/loja\/wp-json\/wp\/v2\/product_tag?post=316430"}],"curies":[{"name":"wp","href":"https:\/\/api.w.org\/{rel}","templated":true}]}}