{"id":316838,"date":"2024-09-23T15:17:11","date_gmt":"2024-09-23T18:17:11","guid":{"rendered":"https:\/\/www.livrariarema.com.br\/loja\/produtos\/sem categoria\/passatempos-infantis-multieducativos-historias-da-biblia\/"},"modified":"2026-02-11T14:45:09","modified_gmt":"2026-02-11T17:45:09","slug":"passatempos-infantis-multieducativos-historias-da-biblia","status":"publish","type":"product","link":"https:\/\/www.livrariarema.com.br\/loja\/produtos\/livros\/infantil\/passatempos-infantis-multieducativos-historias-da-biblia\/","title":{"rendered":"Passatempos Infantis Multieducativos &#8211; Hist\u00f3rias Da B\u00edblia"},"content":{"rendered":"<p>Com base em hist\u00f3rias e personagens da B\u00edblia, as interessantes e curiosas atividades contidas neste livro servem de agrad\u00e1vel entretenimento aos pequenos leitores. Com este livro de passatempos infantis \u00e9 muito f\u00e1cil e divertido aprender as Hist\u00f3rias da B\u00edblia. As crian\u00e7as em fase de alfabetiza\u00e7\u00e3o podem ser ajudadas pelos pais.<\/p>\n","protected":false},"excerpt":{"rendered":"<p>Com base em hist\u00f3rias e personagens da B\u00edblia, as interessantes e curiosas atividades contidas neste livro servem de agrad\u00e1vel entretenimento&hellip;<\/p>\n","protected":false},"featured_media":344595,"comment_status":"open","ping_status":"closed","template":"","meta":[],"product_cat":[144,134],"product_tag":[],"_links":{"self":[{"href":"https:\/\/www.livrariarema.com.br\/loja\/wp-json\/wp\/v2\/product\/316838"}],"collection":[{"href":"https:\/\/www.livrariarema.com.br\/loja\/wp-json\/wp\/v2\/product"}],"about":[{"href":"https:\/\/www.livrariarema.com.br\/loja\/wp-json\/wp\/v2\/types\/product"}],"replies":[{"embeddable":true,"href":"https:\/\/www.livrariarema.com.br\/loja\/wp-json\/wp\/v2\/comments?post=316838"}],"wp:featuredmedia":[{"embeddable":true,"href":"https:\/\/www.livrariarema.com.br\/loja\/wp-json\/wp\/v2\/media\/344595"}],"wp:attachment":[{"href":"https:\/\/www.livrariarema.com.br\/loja\/wp-json\/wp\/v2\/media?parent=316838"}],"wp:term":[{"taxonomy":"product_cat","embeddable":true,"href":"https:\/\/www.livrariarema.com.br\/loja\/wp-json\/wp\/v2\/product_cat?post=316838"},{"taxonomy":"product_tag","embeddable":true,"href":"https:\/\/www.livrariarema.com.br\/loja\/wp-json\/wp\/v2\/product_tag?post=316838"}],"curies":[{"name":"wp","href":"https:\/\/api.w.org\/{rel}","templated":true}]}}