{"id":317142,"date":"2024-09-26T08:15:36","date_gmt":"2024-09-26T11:15:36","guid":{"rendered":"https:\/\/www.livrariarema.com.br\/loja\/produtos\/sem categoria\/biblia-nvi-em-ordem-cronologica-luxo-preta-2\/"},"modified":"2026-02-23T09:50:59","modified_gmt":"2026-02-23T12:50:59","slug":"biblia-nvi-em-ordem-cronologica-luxo-preta-2","status":"publish","type":"product","link":"https:\/\/www.livrariarema.com.br\/loja\/produtos\/biblias\/estudo\/biblia-nvi-em-ordem-cronologica-luxo-preta-2\/","title":{"rendered":"B\u00edblia &#8211; Nvi &#8211; Em Ordem Cronol\u00f3gica &#8211; Luxo &#8211; Preta"},"content":{"rendered":"<p>A B\u00edblia em ordem cronol\u00f3gica \u00e9 uma ferramenta indispens\u00e1vel para os estudiosos da Palavra de Deus. Em vez de se deter nos meticulosos recortes das Escrituras, o leitor ter\u00e1 diante de si um bem engendrado quebra-cabe\u00e7a dos acontecimentos hist\u00f3ricos. Nunca a linha dos acontecimentos hist\u00f3ricos relacionados \u00e0 B\u00edblia esteve t\u00e3o bem representada. O resultado supera todas as expectativas.<br \/>\n&#8211; Todos os vers\u00edculos das Escrituras foram dispostos conforme seu lugar na cronologia.<br \/>\n&#8211; Os salmos foram inseridos na \u00e9poca de sua composi\u00e7\u00e3o.<br \/>\n&#8211; A hist\u00f3ria de Israel e a hist\u00f3ria de Jud\u00e1 no per\u00edodo do reino dividido s\u00e3o apresentadas em colunas paralelas com a vida de cada rei posicionada em sua \u00e9poca e lugar.<br \/>\n&#8211; Todas as passagens duplicadas aparecem juntas.<br \/>\n&#8211; As profecias est\u00e3o ordenadas no contexto em que foram proferidas pela primeira vez.<br \/>\n&#8211; As ep\u00edstolas est\u00e3o ordenadas pela data em que foram escritas.<br \/>\nE mais:<br \/>\n&#8211; A data\u00e7\u00e3o abrange todos os eventos b\u00edblicos desde a Cria\u00e7\u00e3o at\u00e9 o fim dos tempos.<br \/>\n&#8211; A B\u00edblia inteira \u00e9 apresentada na forma de esbo\u00e7o.<br \/>\nTodos os milagres, discursos e par\u00e1bolas de Jesus est\u00e3o numerados.<\/p>\n","protected":false},"excerpt":{"rendered":"<p>A B\u00edblia em ordem cronol\u00f3gica \u00e9 uma ferramenta indispens\u00e1vel para os estudiosos da Palavra de Deus. Em vez de se&hellip;<\/p>\n","protected":false},"featured_media":331369,"comment_status":"open","ping_status":"closed","template":"","meta":[],"product_cat":[139,140],"product_tag":[],"_links":{"self":[{"href":"https:\/\/www.livrariarema.com.br\/loja\/wp-json\/wp\/v2\/product\/317142"}],"collection":[{"href":"https:\/\/www.livrariarema.com.br\/loja\/wp-json\/wp\/v2\/product"}],"about":[{"href":"https:\/\/www.livrariarema.com.br\/loja\/wp-json\/wp\/v2\/types\/product"}],"replies":[{"embeddable":true,"href":"https:\/\/www.livrariarema.com.br\/loja\/wp-json\/wp\/v2\/comments?post=317142"}],"wp:featuredmedia":[{"embeddable":true,"href":"https:\/\/www.livrariarema.com.br\/loja\/wp-json\/wp\/v2\/media\/331369"}],"wp:attachment":[{"href":"https:\/\/www.livrariarema.com.br\/loja\/wp-json\/wp\/v2\/media?parent=317142"}],"wp:term":[{"taxonomy":"product_cat","embeddable":true,"href":"https:\/\/www.livrariarema.com.br\/loja\/wp-json\/wp\/v2\/product_cat?post=317142"},{"taxonomy":"product_tag","embeddable":true,"href":"https:\/\/www.livrariarema.com.br\/loja\/wp-json\/wp\/v2\/product_tag?post=317142"}],"curies":[{"name":"wp","href":"https:\/\/api.w.org\/{rel}","templated":true}]}}