{"id":317152,"date":"2024-09-26T08:25:28","date_gmt":"2024-09-26T11:25:28","guid":{"rendered":"https:\/\/www.livrariarema.com.br\/loja\/produtos\/sem categoria\/minhas-primeiras-aventuras-com-deus-ester-gallina-bruna-luz-ruth-blazejuk\/"},"modified":"2026-03-20T11:45:10","modified_gmt":"2026-03-20T14:45:10","slug":"minhas-primeiras-aventuras-com-deus-ester-gallina-bruna-luz-ruth-blazejuk","status":"publish","type":"product","link":"https:\/\/www.livrariarema.com.br\/loja\/produtos\/livros\/devocional\/minhas-primeiras-aventuras-com-deus-ester-gallina-bruna-luz-ruth-blazejuk\/","title":{"rendered":"Minhas Primeiras Aventuras Com Deus &#8211; Ester Gallina, Bruna Luz, Ruth Blazejuk"},"content":{"rendered":"<p>Pensando na necessidade de contextualizar a forma\u00e7\u00e3o da f\u00e9 desde a mais tenra idade, as autoras Bruna Luz, Ester Gallina e Ruth Blazejuk desenvolveram uma fant\u00e1stica narrativa que explica quest\u00f5es b\u00e1sicas do Cristianismo de forma simples e de f\u00e1cil compreens\u00e3o para os pequenos curiosos. O intuito deste projeto \u00e9 retornar para os princ\u00edpios b\u00edblicos e gentilmente conduzir n\u00e3o s\u00f3 as crian\u00e7as, mas tamb\u00e9m suas fam\u00edlias a compreenderem os fundamentos que embasam o tesouro da nossa f\u00e9.<\/p>\n<p>Devocional de 50 dias<\/p>\n","protected":false},"excerpt":{"rendered":"<p>Pensando na necessidade de contextualizar a forma\u00e7\u00e3o da f\u00e9 desde a mais tenra idade, as autoras Bruna Luz, Ester Gallina&hellip;<\/p>\n","protected":false},"featured_media":345927,"comment_status":"open","ping_status":"closed","template":"","meta":[],"product_cat":[158,134],"product_tag":[],"_links":{"self":[{"href":"https:\/\/www.livrariarema.com.br\/loja\/wp-json\/wp\/v2\/product\/317152"}],"collection":[{"href":"https:\/\/www.livrariarema.com.br\/loja\/wp-json\/wp\/v2\/product"}],"about":[{"href":"https:\/\/www.livrariarema.com.br\/loja\/wp-json\/wp\/v2\/types\/product"}],"replies":[{"embeddable":true,"href":"https:\/\/www.livrariarema.com.br\/loja\/wp-json\/wp\/v2\/comments?post=317152"}],"wp:featuredmedia":[{"embeddable":true,"href":"https:\/\/www.livrariarema.com.br\/loja\/wp-json\/wp\/v2\/media\/345927"}],"wp:attachment":[{"href":"https:\/\/www.livrariarema.com.br\/loja\/wp-json\/wp\/v2\/media?parent=317152"}],"wp:term":[{"taxonomy":"product_cat","embeddable":true,"href":"https:\/\/www.livrariarema.com.br\/loja\/wp-json\/wp\/v2\/product_cat?post=317152"},{"taxonomy":"product_tag","embeddable":true,"href":"https:\/\/www.livrariarema.com.br\/loja\/wp-json\/wp\/v2\/product_tag?post=317152"}],"curies":[{"name":"wp","href":"https:\/\/api.w.org\/{rel}","templated":true}]}}