{"id":317154,"date":"2024-09-26T08:25:34","date_gmt":"2024-09-26T11:25:34","guid":{"rendered":"https:\/\/www.livrariarema.com.br\/loja\/produtos\/sem categoria\/devocional-mulheres-viviane-martinello\/"},"modified":"2025-12-18T17:11:14","modified_gmt":"2025-12-18T20:11:14","slug":"devocional-mulheres-viviane-martinello","status":"publish","type":"product","link":"https:\/\/www.livrariarema.com.br\/loja\/produtos\/livros\/devocional\/devocional-mulheres-viviane-martinello\/","title":{"rendered":"Devocional Mulheres &#8211; Viviane Martinello"},"content":{"rendered":"<p>Neste Devocional Anual, repleto de testemunhos pessoais, conselhos e ensinamentos, Viviane Martinello nos traz reflex\u00f5es profundas a respeito de diversos temas relacionados \u00e0 vida da mulher crist\u00e3. Assuntos, como relacionamentos, perd\u00e3o, servi\u00e7o, chamado, fam\u00edlia e casamento s\u00e3o abordados \u00e0 luz da Palavra de Deus, baseados nas experi\u00eancias que a pastora da Abba Pai Church adquiriu ao longo do seu minist\u00e9rio e da sua vida de devo\u00e7\u00e3o ao Pai. Ao longo do ano, voc\u00ea ser\u00e1 levada a uma jornada de crescimento espiritual, atrav\u00e9s de palavras inspiradoras e medita\u00e7\u00f5es di\u00e1rias, que servir\u00e3o de aux\u00edlio para o aprofundamento do seu relacionamento com o Senhor. Mulheres de todas as idades poder\u00e3o se identificar com as hist\u00f3rias e aprendizados valiosos contidos nestas p\u00e1ginas, e encontrar\u00e3o uma fonte de inspira\u00e7\u00e3o e encorajamento, a fim de se tornarem, a cada dia, mais parecidas com Cristo e cumprirem com o prop\u00f3sito para o qual foram chamadas.<\/p>\n","protected":false},"excerpt":{"rendered":"<p>Neste Devocional Anual, repleto de testemunhos pessoais, conselhos e ensinamentos, Viviane Martinello nos traz reflex\u00f5es profundas a respeito de diversos&hellip;<\/p>\n","protected":false},"featured_media":330693,"comment_status":"open","ping_status":"closed","template":"","meta":[],"product_cat":[158,134],"product_tag":[],"_links":{"self":[{"href":"https:\/\/www.livrariarema.com.br\/loja\/wp-json\/wp\/v2\/product\/317154"}],"collection":[{"href":"https:\/\/www.livrariarema.com.br\/loja\/wp-json\/wp\/v2\/product"}],"about":[{"href":"https:\/\/www.livrariarema.com.br\/loja\/wp-json\/wp\/v2\/types\/product"}],"replies":[{"embeddable":true,"href":"https:\/\/www.livrariarema.com.br\/loja\/wp-json\/wp\/v2\/comments?post=317154"}],"wp:featuredmedia":[{"embeddable":true,"href":"https:\/\/www.livrariarema.com.br\/loja\/wp-json\/wp\/v2\/media\/330693"}],"wp:attachment":[{"href":"https:\/\/www.livrariarema.com.br\/loja\/wp-json\/wp\/v2\/media?parent=317154"}],"wp:term":[{"taxonomy":"product_cat","embeddable":true,"href":"https:\/\/www.livrariarema.com.br\/loja\/wp-json\/wp\/v2\/product_cat?post=317154"},{"taxonomy":"product_tag","embeddable":true,"href":"https:\/\/www.livrariarema.com.br\/loja\/wp-json\/wp\/v2\/product_tag?post=317154"}],"curies":[{"name":"wp","href":"https:\/\/api.w.org\/{rel}","templated":true}]}}