{"id":317158,"date":"2024-09-26T08:25:48","date_gmt":"2024-09-26T11:25:48","guid":{"rendered":"https:\/\/www.livrariarema.com.br\/loja\/produtos\/sem categoria\/criando-filhos-para-o-amanha-nikolas-ferreira-ruth-ferreira-edesio-de-oliveira\/"},"modified":"2025-12-20T11:01:21","modified_gmt":"2025-12-20T14:01:21","slug":"criando-filhos-para-o-amanha-nikolas-ferreira-ruth-ferreira-edesio-de-oliveira","status":"publish","type":"product","link":"https:\/\/www.livrariarema.com.br\/loja\/produtos\/livros\/educacao-crista\/criando-filhos-para-o-amanha-nikolas-ferreira-ruth-ferreira-edesio-de-oliveira\/","title":{"rendered":"Criando Filhos Para O Amanh\u00e3 &#8211; Nikolas Ferreira, Ruth Ferreira, Ed\u00e9sio De Oliveira"},"content":{"rendered":"<p>Criando filhos para o amanh\u00e3 explora os fundamentos de uma educa\u00e7\u00e3o saud\u00e1vel em todos os aspectos: espiritual, emocional e f\u00edsico. Por meio de hist\u00f3rias pessoais e ensinamentos b\u00edblicos, os autores destacam a import\u00e2ncia dos valores eternos, da uni\u00e3o familiar e da educa\u00e7\u00e3o alicer\u00e7ada na f\u00e9. Abordam desafios contempor\u00e2neos, como a desintegra\u00e7\u00e3o dos la\u00e7os familiares e a influ\u00eancia negativa da m\u00eddia, oferecendo estrat\u00e9gias para superar tais obst\u00e1culos com a ajuda e a gra\u00e7a de Deus. O objetivo da obra \u00e9 dar suporte aos pais para criarem filhos que vivam de acordo com os princ\u00edpios divinos e estejam preparados para enfrentar o futuro com confian\u00e7a e integridade.<\/p>\n","protected":false},"excerpt":{"rendered":"<p>Criando filhos para o amanh\u00e3 explora os fundamentos de uma educa\u00e7\u00e3o saud\u00e1vel em todos os aspectos: espiritual, emocional e f\u00edsico.&hellip;<\/p>\n","protected":false},"featured_media":330695,"comment_status":"open","ping_status":"closed","template":"","meta":[],"product_cat":[169,134],"product_tag":[],"_links":{"self":[{"href":"https:\/\/www.livrariarema.com.br\/loja\/wp-json\/wp\/v2\/product\/317158"}],"collection":[{"href":"https:\/\/www.livrariarema.com.br\/loja\/wp-json\/wp\/v2\/product"}],"about":[{"href":"https:\/\/www.livrariarema.com.br\/loja\/wp-json\/wp\/v2\/types\/product"}],"replies":[{"embeddable":true,"href":"https:\/\/www.livrariarema.com.br\/loja\/wp-json\/wp\/v2\/comments?post=317158"}],"wp:featuredmedia":[{"embeddable":true,"href":"https:\/\/www.livrariarema.com.br\/loja\/wp-json\/wp\/v2\/media\/330695"}],"wp:attachment":[{"href":"https:\/\/www.livrariarema.com.br\/loja\/wp-json\/wp\/v2\/media?parent=317158"}],"wp:term":[{"taxonomy":"product_cat","embeddable":true,"href":"https:\/\/www.livrariarema.com.br\/loja\/wp-json\/wp\/v2\/product_cat?post=317158"},{"taxonomy":"product_tag","embeddable":true,"href":"https:\/\/www.livrariarema.com.br\/loja\/wp-json\/wp\/v2\/product_tag?post=317158"}],"curies":[{"name":"wp","href":"https:\/\/api.w.org\/{rel}","templated":true}]}}