{"id":317166,"date":"2024-09-26T08:31:23","date_gmt":"2024-09-26T11:31:23","guid":{"rendered":"https:\/\/www.livrariarema.com.br\/loja\/produtos\/sem categoria\/mapeando-a-biblia-philippe-azevedo\/"},"modified":"2026-05-06T15:29:24","modified_gmt":"2026-05-06T18:29:24","slug":"mapeando-a-biblia-philippe-azevedo","status":"publish","type":"product","link":"https:\/\/www.livrariarema.com.br\/loja\/produtos\/livros\/estudo-biblico\/mapeando-a-biblia-philippe-azevedo\/","title":{"rendered":"Mapeando A B\u00edblia &#8211; Philippe Azevedo"},"content":{"rendered":"<p>Mapeando a B\u00edblia proporciona uma maneira inovadora e did\u00e1tica de estudar as Escrituras Sagradas. Os mapas mentais ilustrados s\u00e3o especialmente \u00fateis para aqueles que buscam uma compreens\u00e3o mais profunda e estruturada dos textos b\u00edblicos. \u00c9 um recurso indicado tanto para novos convertidos, que est\u00e3o come\u00e7ando sua caminhada espiritual, quanto para estudantes de teologia e l\u00edderes de minist\u00e9rios. Ao longo da obra, voc\u00ea encontrar\u00e1 um conte\u00fado detalhado que abrange todos os livros da B\u00edblia, de G\u00eanesis a Apocalipse. Cada mapa mental foi criado com o intuito de oferecer uma vis\u00e3o clara e objetiva dos temas, personagens e eventos principais da Palavra. Este livro \u00e9 um excelente complemento para estudos pessoais, ensino em Escolas B\u00edblicas Dominicais ou at\u00e9 mesmo para pais que desejam introduzir seus filhos aos ensinamentos b\u00edblicos de uma forma cativante e educativa. Saiba que voc\u00ea disp\u00f5e de uma ferramenta poderosa para transformar seu entendimento das Escrituras Sagradas e enriquecer sua vida espiritual<\/p>\n","protected":false},"excerpt":{"rendered":"<p>Mapeando a B\u00edblia proporciona uma maneira inovadora e did\u00e1tica de estudar as Escrituras Sagradas. Os mapas mentais ilustrados s\u00e3o especialmente&hellip;<\/p>\n","protected":false},"featured_media":347996,"comment_status":"open","ping_status":"closed","template":"","meta":[],"product_cat":[161,134],"product_tag":[],"_links":{"self":[{"href":"https:\/\/www.livrariarema.com.br\/loja\/wp-json\/wp\/v2\/product\/317166"}],"collection":[{"href":"https:\/\/www.livrariarema.com.br\/loja\/wp-json\/wp\/v2\/product"}],"about":[{"href":"https:\/\/www.livrariarema.com.br\/loja\/wp-json\/wp\/v2\/types\/product"}],"replies":[{"embeddable":true,"href":"https:\/\/www.livrariarema.com.br\/loja\/wp-json\/wp\/v2\/comments?post=317166"}],"wp:featuredmedia":[{"embeddable":true,"href":"https:\/\/www.livrariarema.com.br\/loja\/wp-json\/wp\/v2\/media\/347996"}],"wp:attachment":[{"href":"https:\/\/www.livrariarema.com.br\/loja\/wp-json\/wp\/v2\/media?parent=317166"}],"wp:term":[{"taxonomy":"product_cat","embeddable":true,"href":"https:\/\/www.livrariarema.com.br\/loja\/wp-json\/wp\/v2\/product_cat?post=317166"},{"taxonomy":"product_tag","embeddable":true,"href":"https:\/\/www.livrariarema.com.br\/loja\/wp-json\/wp\/v2\/product_tag?post=317166"}],"curies":[{"name":"wp","href":"https:\/\/api.w.org\/{rel}","templated":true}]}}