{"id":317754,"date":"2024-10-04T12:18:51","date_gmt":"2024-10-04T15:18:51","guid":{"rendered":"https:\/\/www.livrariarema.com.br\/loja\/produtos\/sem categoria\/bloco-office-pinos-buque\/"},"modified":"2025-05-27T10:40:34","modified_gmt":"2025-05-27T13:40:34","slug":"bloco-office-pinos-buque","status":"publish","type":"product","link":"https:\/\/www.livrariarema.com.br\/loja\/produtos\/papelaria\/bloco\/bloco-office-pinos-buque\/","title":{"rendered":"Bloco Office Pinos &#8211; Buqu\u00ea"},"content":{"rendered":"<p>Para sua mesa ficar ainda mais bonita e suas anota\u00e7\u00f5es mais tamb\u00e9m! Bloco office com dois pinos de metal, miolo decorado e blocado com serrilha, 160 folhas no papel off set 75g, formato 14.5&#215;14.2cm.<\/p>\n","protected":false},"excerpt":{"rendered":"<p>Para sua mesa ficar ainda mais bonita e suas anota\u00e7\u00f5es mais tamb\u00e9m! Bloco office com dois pinos de metal, miolo&hellip;<\/p>\n","protected":false},"featured_media":331754,"comment_status":"open","ping_status":"closed","template":"","meta":[],"product_cat":[239,215],"product_tag":[],"_links":{"self":[{"href":"https:\/\/www.livrariarema.com.br\/loja\/wp-json\/wp\/v2\/product\/317754"}],"collection":[{"href":"https:\/\/www.livrariarema.com.br\/loja\/wp-json\/wp\/v2\/product"}],"about":[{"href":"https:\/\/www.livrariarema.com.br\/loja\/wp-json\/wp\/v2\/types\/product"}],"replies":[{"embeddable":true,"href":"https:\/\/www.livrariarema.com.br\/loja\/wp-json\/wp\/v2\/comments?post=317754"}],"wp:featuredmedia":[{"embeddable":true,"href":"https:\/\/www.livrariarema.com.br\/loja\/wp-json\/wp\/v2\/media\/331754"}],"wp:attachment":[{"href":"https:\/\/www.livrariarema.com.br\/loja\/wp-json\/wp\/v2\/media?parent=317754"}],"wp:term":[{"taxonomy":"product_cat","embeddable":true,"href":"https:\/\/www.livrariarema.com.br\/loja\/wp-json\/wp\/v2\/product_cat?post=317754"},{"taxonomy":"product_tag","embeddable":true,"href":"https:\/\/www.livrariarema.com.br\/loja\/wp-json\/wp\/v2\/product_tag?post=317754"}],"curies":[{"name":"wp","href":"https:\/\/api.w.org\/{rel}","templated":true}]}}