{"id":317770,"date":"2024-10-04T12:19:51","date_gmt":"2024-10-04T15:19:51","guid":{"rendered":"https:\/\/www.livrariarema.com.br\/loja\/produtos\/sem categoria\/caderno-classico-folhas-removiveis-80-folhas-fina-ideia-alegria\/"},"modified":"2025-12-09T14:51:11","modified_gmt":"2025-12-09T17:51:11","slug":"caderno-classico-folhas-removiveis-80-folhas-fina-ideia-alegria","status":"publish","type":"product","link":"https:\/\/www.livrariarema.com.br\/loja\/produtos\/papelaria\/caderno\/caderno-classico-folhas-removiveis-80-folhas-fina-ideia-alegria\/","title":{"rendered":"Caderno Cl\u00e1ssico Folhas Remov\u00edveis 80 Folhas &#8211; Fina Ideia &#8211; Alegria"},"content":{"rendered":"<p>Caderno capa dura formato 14,5&#215;20,5cm, miolo super fofo pautado e decorado com 80 folhas remov\u00edveis em papel offset 90g, encaderna\u00e7\u00e3o wire-o e el\u00e1stico para fechamento. Acompanha uma linda folha de adesivos.<\/p>\n","protected":false},"excerpt":{"rendered":"<p>Caderno capa dura formato 14,5&#215;20,5cm, miolo super fofo pautado e decorado com 80 folhas remov\u00edveis em papel offset 90g, encaderna\u00e7\u00e3o&hellip;<\/p>\n","protected":false},"featured_media":329857,"comment_status":"open","ping_status":"closed","template":"","meta":[],"product_cat":[230,215],"product_tag":[],"_links":{"self":[{"href":"https:\/\/www.livrariarema.com.br\/loja\/wp-json\/wp\/v2\/product\/317770"}],"collection":[{"href":"https:\/\/www.livrariarema.com.br\/loja\/wp-json\/wp\/v2\/product"}],"about":[{"href":"https:\/\/www.livrariarema.com.br\/loja\/wp-json\/wp\/v2\/types\/product"}],"replies":[{"embeddable":true,"href":"https:\/\/www.livrariarema.com.br\/loja\/wp-json\/wp\/v2\/comments?post=317770"}],"wp:featuredmedia":[{"embeddable":true,"href":"https:\/\/www.livrariarema.com.br\/loja\/wp-json\/wp\/v2\/media\/329857"}],"wp:attachment":[{"href":"https:\/\/www.livrariarema.com.br\/loja\/wp-json\/wp\/v2\/media?parent=317770"}],"wp:term":[{"taxonomy":"product_cat","embeddable":true,"href":"https:\/\/www.livrariarema.com.br\/loja\/wp-json\/wp\/v2\/product_cat?post=317770"},{"taxonomy":"product_tag","embeddable":true,"href":"https:\/\/www.livrariarema.com.br\/loja\/wp-json\/wp\/v2\/product_tag?post=317770"}],"curies":[{"name":"wp","href":"https:\/\/api.w.org\/{rel}","templated":true}]}}