{"id":317772,"date":"2024-10-04T12:19:58","date_gmt":"2024-10-04T15:19:58","guid":{"rendered":"https:\/\/www.livrariarema.com.br\/loja\/produtos\/sem categoria\/caderno-classico-folhas-removiveis-80-folhas-fina-ideia-kraft-curvas\/"},"modified":"2025-10-17T15:21:27","modified_gmt":"2025-10-17T18:21:27","slug":"caderno-classico-folhas-removiveis-80-folhas-fina-ideia-kraft-curvas","status":"publish","type":"product","link":"https:\/\/www.livrariarema.com.br\/loja\/produtos\/papelaria\/caderno\/caderno-classico-folhas-removiveis-80-folhas-fina-ideia-kraft-curvas\/","title":{"rendered":"Caderno Cl\u00e1ssico Folhas Remov\u00edveis 80 Folhas &#8211; Fina Ideia &#8211; Kraft Curvas"},"content":{"rendered":"<p>Caderno capa dura formato 14,5&#215;20,5cm, miolo pautado com 80 folhas remov\u00edveis em papel off white 80g, encaderna\u00e7\u00e3o wire-o e el\u00e1stico para fechamento. Acompanha uma linda folha de adesivos.<\/p>\n","protected":false},"excerpt":{"rendered":"<p>Caderno capa dura formato 14,5&#215;20,5cm, miolo pautado com 80 folhas remov\u00edveis em papel off white 80g, encaderna\u00e7\u00e3o wire-o e el\u00e1stico&hellip;<\/p>\n","protected":false},"featured_media":327189,"comment_status":"open","ping_status":"closed","template":"","meta":[],"product_cat":[230,215],"product_tag":[],"_links":{"self":[{"href":"https:\/\/www.livrariarema.com.br\/loja\/wp-json\/wp\/v2\/product\/317772"}],"collection":[{"href":"https:\/\/www.livrariarema.com.br\/loja\/wp-json\/wp\/v2\/product"}],"about":[{"href":"https:\/\/www.livrariarema.com.br\/loja\/wp-json\/wp\/v2\/types\/product"}],"replies":[{"embeddable":true,"href":"https:\/\/www.livrariarema.com.br\/loja\/wp-json\/wp\/v2\/comments?post=317772"}],"wp:featuredmedia":[{"embeddable":true,"href":"https:\/\/www.livrariarema.com.br\/loja\/wp-json\/wp\/v2\/media\/327189"}],"wp:attachment":[{"href":"https:\/\/www.livrariarema.com.br\/loja\/wp-json\/wp\/v2\/media?parent=317772"}],"wp:term":[{"taxonomy":"product_cat","embeddable":true,"href":"https:\/\/www.livrariarema.com.br\/loja\/wp-json\/wp\/v2\/product_cat?post=317772"},{"taxonomy":"product_tag","embeddable":true,"href":"https:\/\/www.livrariarema.com.br\/loja\/wp-json\/wp\/v2\/product_tag?post=317772"}],"curies":[{"name":"wp","href":"https:\/\/api.w.org\/{rel}","templated":true}]}}