{"id":317784,"date":"2024-10-04T12:20:51","date_gmt":"2024-10-04T15:20:51","guid":{"rendered":"https:\/\/www.livrariarema.com.br\/loja\/produtos\/sem categoria\/planner-permanente-fina-ideia-m-arco-iris\/"},"modified":"2025-10-23T15:38:36","modified_gmt":"2025-10-23T18:38:36","slug":"planner-permanente-fina-ideia-m-arco-iris","status":"publish","type":"product","link":"https:\/\/www.livrariarema.com.br\/loja\/produtos\/papelaria\/agenda\/planner-permanente-fina-ideia-m-arco-iris\/","title":{"rendered":"Planner Permanente &#8211; Fina Ideia &#8211; M &#8211; Arco-Iris"},"content":{"rendered":"<p>Planeje seus objetivos e transforme-os em realidade! Use este planner como um guia rumo a um futuro feliz e com muitas conquistas. Capa dura, miolo com 210 p\u00e1ginas (105 folhas) formato 13,4&#215;20,5cm, papel off set 90g, acabamento wire-o, el\u00e1stico para fechamento. Acompanha envelope para documentos, marcador de p\u00e1ginas, capa protetora, duas folhas de adesivos divertidos, 12 divis\u00f3rias mensais e calend\u00e1rio.<\/p>\n","protected":false},"excerpt":{"rendered":"<p>Planeje seus objetivos e transforme-os em realidade! Use este planner como um guia rumo a um futuro feliz e com&hellip;<\/p>\n","protected":false},"featured_media":339703,"comment_status":"open","ping_status":"closed","template":"","meta":[],"product_cat":[248,215],"product_tag":[],"_links":{"self":[{"href":"https:\/\/www.livrariarema.com.br\/loja\/wp-json\/wp\/v2\/product\/317784"}],"collection":[{"href":"https:\/\/www.livrariarema.com.br\/loja\/wp-json\/wp\/v2\/product"}],"about":[{"href":"https:\/\/www.livrariarema.com.br\/loja\/wp-json\/wp\/v2\/types\/product"}],"replies":[{"embeddable":true,"href":"https:\/\/www.livrariarema.com.br\/loja\/wp-json\/wp\/v2\/comments?post=317784"}],"wp:featuredmedia":[{"embeddable":true,"href":"https:\/\/www.livrariarema.com.br\/loja\/wp-json\/wp\/v2\/media\/339703"}],"wp:attachment":[{"href":"https:\/\/www.livrariarema.com.br\/loja\/wp-json\/wp\/v2\/media?parent=317784"}],"wp:term":[{"taxonomy":"product_cat","embeddable":true,"href":"https:\/\/www.livrariarema.com.br\/loja\/wp-json\/wp\/v2\/product_cat?post=317784"},{"taxonomy":"product_tag","embeddable":true,"href":"https:\/\/www.livrariarema.com.br\/loja\/wp-json\/wp\/v2\/product_tag?post=317784"}],"curies":[{"name":"wp","href":"https:\/\/api.w.org\/{rel}","templated":true}]}}