{"id":317794,"date":"2024-10-04T12:21:21","date_gmt":"2024-10-04T15:21:21","guid":{"rendered":"https:\/\/www.livrariarema.com.br\/loja\/produtos\/sem categoria\/caderno-colegial-80-folhas-fina-ideia-arco-iris-1-materia\/"},"modified":"2025-09-02T12:20:23","modified_gmt":"2025-09-02T15:20:23","slug":"caderno-colegial-80-folhas-fina-ideia-arco-iris-1-materia","status":"publish","type":"product","link":"https:\/\/www.livrariarema.com.br\/loja\/produtos\/papelaria\/caderno\/caderno-colegial-80-folhas-fina-ideia-arco-iris-1-materia\/","title":{"rendered":"Caderno Colegial 80 Folhas &#8211; Fina Ideia &#8211; Arco-\u00cdris &#8211; 1 Mat\u00e9ria"},"content":{"rendered":"<p>Caderno colegial capa dura, miolo pautado com 80 folhas em papel offset 90g, formato 17,3&#215;23,5cm, encaderna\u00e7\u00e3o wire-o e el\u00e1stico para fechamento. Acompanham envelope para documentos resistente e folha de adesivos.<\/p>\n","protected":false},"excerpt":{"rendered":"<p>Caderno colegial capa dura, miolo pautado com 80 folhas em papel offset 90g, formato 17,3&#215;23,5cm, encaderna\u00e7\u00e3o wire-o e el\u00e1stico para&hellip;<\/p>\n","protected":false},"featured_media":329862,"comment_status":"open","ping_status":"closed","template":"","meta":[],"product_cat":[230,215],"product_tag":[],"_links":{"self":[{"href":"https:\/\/www.livrariarema.com.br\/loja\/wp-json\/wp\/v2\/product\/317794"}],"collection":[{"href":"https:\/\/www.livrariarema.com.br\/loja\/wp-json\/wp\/v2\/product"}],"about":[{"href":"https:\/\/www.livrariarema.com.br\/loja\/wp-json\/wp\/v2\/types\/product"}],"replies":[{"embeddable":true,"href":"https:\/\/www.livrariarema.com.br\/loja\/wp-json\/wp\/v2\/comments?post=317794"}],"wp:featuredmedia":[{"embeddable":true,"href":"https:\/\/www.livrariarema.com.br\/loja\/wp-json\/wp\/v2\/media\/329862"}],"wp:attachment":[{"href":"https:\/\/www.livrariarema.com.br\/loja\/wp-json\/wp\/v2\/media?parent=317794"}],"wp:term":[{"taxonomy":"product_cat","embeddable":true,"href":"https:\/\/www.livrariarema.com.br\/loja\/wp-json\/wp\/v2\/product_cat?post=317794"},{"taxonomy":"product_tag","embeddable":true,"href":"https:\/\/www.livrariarema.com.br\/loja\/wp-json\/wp\/v2\/product_tag?post=317794"}],"curies":[{"name":"wp","href":"https:\/\/api.w.org\/{rel}","templated":true}]}}