{"id":317798,"date":"2024-10-04T12:21:34","date_gmt":"2024-10-04T15:21:34","guid":{"rendered":"https:\/\/www.livrariarema.com.br\/loja\/produtos\/sem categoria\/caderno-colegial-160-folhas-fina-ideia-arco-iris-10-materias\/"},"modified":"2025-04-30T13:03:23","modified_gmt":"2025-04-30T16:03:23","slug":"caderno-colegial-160-folhas-fina-ideia-arco-iris-10-materias","status":"publish","type":"product","link":"https:\/\/www.livrariarema.com.br\/loja\/produtos\/papelaria\/caderno\/caderno-colegial-160-folhas-fina-ideia-arco-iris-10-materias\/","title":{"rendered":"Caderno Colegial 160 Folhas &#8211; Fina Ideia &#8211; Arco-\u00cdris &#8211; 10 Mat\u00e9rias"},"content":{"rendered":"<p>Caderno colegial capa dura, miolo pautado com 160 folhas em papel off set 63g, formato 18x24cm, 10 divis\u00f3rias, encaderna\u00e7\u00e3o wire-o e el\u00e1stico para fechamento. Acompanha envelope para documentos e folha de adesivos.<\/p>\n","protected":false},"excerpt":{"rendered":"<p>Caderno colegial capa dura, miolo pautado com 160 folhas em papel off set 63g, formato 18x24cm, 10 divis\u00f3rias, encaderna\u00e7\u00e3o wire-o&hellip;<\/p>\n","protected":false},"featured_media":329865,"comment_status":"open","ping_status":"closed","template":"","meta":[],"product_cat":[230,215],"product_tag":[],"_links":{"self":[{"href":"https:\/\/www.livrariarema.com.br\/loja\/wp-json\/wp\/v2\/product\/317798"}],"collection":[{"href":"https:\/\/www.livrariarema.com.br\/loja\/wp-json\/wp\/v2\/product"}],"about":[{"href":"https:\/\/www.livrariarema.com.br\/loja\/wp-json\/wp\/v2\/types\/product"}],"replies":[{"embeddable":true,"href":"https:\/\/www.livrariarema.com.br\/loja\/wp-json\/wp\/v2\/comments?post=317798"}],"wp:featuredmedia":[{"embeddable":true,"href":"https:\/\/www.livrariarema.com.br\/loja\/wp-json\/wp\/v2\/media\/329865"}],"wp:attachment":[{"href":"https:\/\/www.livrariarema.com.br\/loja\/wp-json\/wp\/v2\/media?parent=317798"}],"wp:term":[{"taxonomy":"product_cat","embeddable":true,"href":"https:\/\/www.livrariarema.com.br\/loja\/wp-json\/wp\/v2\/product_cat?post=317798"},{"taxonomy":"product_tag","embeddable":true,"href":"https:\/\/www.livrariarema.com.br\/loja\/wp-json\/wp\/v2\/product_tag?post=317798"}],"curies":[{"name":"wp","href":"https:\/\/api.w.org\/{rel}","templated":true}]}}