{"id":317800,"date":"2024-10-04T12:21:41","date_gmt":"2024-10-04T15:21:41","guid":{"rendered":"https:\/\/www.livrariarema.com.br\/loja\/produtos\/sem%20categoria\/caderno-folhas-removiveis-80-folhas-fina-ideia-kraft-linhas\/"},"modified":"2025-12-22T18:03:06","modified_gmt":"2025-12-22T21:03:06","slug":"caderno-folhas-removiveis-80-folhas-fina-ideia-kraft-linhas","status":"publish","type":"product","link":"https:\/\/www.livrariarema.com.br\/loja\/produtos\/papelaria\/caderno\/caderno-folhas-removiveis-80-folhas-fina-ideia-kraft-linhas\/","title":{"rendered":"Caderno Colegial Folhas Remov\u00edveis &#8211; 80 Folhas &#8211; Fina Ideia &#8211; Kraft Linhas"},"content":{"rendered":"<p>Caderno capa dura formato 17,3&#215;23,5cm, miolo pautado com 80 folhas remov\u00edveis em papel offset 90g, 6 divis\u00f3rias remov\u00edveis coloridas e estampadas em papel Kraft, encaderna\u00e7\u00e3o wire-o e el\u00e1stico para fechamento. Acompanham envelope para documentos resistente e folha de adesivos.<\/p>\n","protected":false},"excerpt":{"rendered":"<p>Caderno capa dura formato 17,3&#215;23,5cm, miolo pautado com 80 folhas remov\u00edveis em papel offset 90g, 6 divis\u00f3rias remov\u00edveis coloridas e&hellip;<\/p>\n","protected":false},"featured_media":329866,"comment_status":"open","ping_status":"closed","template":"","meta":[],"product_cat":[230,215],"product_tag":[],"_links":{"self":[{"href":"https:\/\/www.livrariarema.com.br\/loja\/wp-json\/wp\/v2\/product\/317800"}],"collection":[{"href":"https:\/\/www.livrariarema.com.br\/loja\/wp-json\/wp\/v2\/product"}],"about":[{"href":"https:\/\/www.livrariarema.com.br\/loja\/wp-json\/wp\/v2\/types\/product"}],"replies":[{"embeddable":true,"href":"https:\/\/www.livrariarema.com.br\/loja\/wp-json\/wp\/v2\/comments?post=317800"}],"wp:featuredmedia":[{"embeddable":true,"href":"https:\/\/www.livrariarema.com.br\/loja\/wp-json\/wp\/v2\/media\/329866"}],"wp:attachment":[{"href":"https:\/\/www.livrariarema.com.br\/loja\/wp-json\/wp\/v2\/media?parent=317800"}],"wp:term":[{"taxonomy":"product_cat","embeddable":true,"href":"https:\/\/www.livrariarema.com.br\/loja\/wp-json\/wp\/v2\/product_cat?post=317800"},{"taxonomy":"product_tag","embeddable":true,"href":"https:\/\/www.livrariarema.com.br\/loja\/wp-json\/wp\/v2\/product_tag?post=317800"}],"curies":[{"name":"wp","href":"https:\/\/api.w.org\/{rel}","templated":true}]}}