{"id":318146,"date":"2024-10-04T13:48:58","date_gmt":"2024-10-04T16:48:58","guid":{"rendered":"https:\/\/www.livrariarema.com.br\/loja\/produtos\/sem%20categoria\/sons-de-ferrugem-e-ecos-de-borboleta-noemi-nicoletti\/"},"modified":"2026-02-18T16:30:37","modified_gmt":"2026-02-18T19:30:37","slug":"sons-de-ferrugem-e-ecos-de-borboleta-noemi-nicoletti","status":"publish","type":"product","link":"https:\/\/www.livrariarema.com.br\/loja\/produtos\/livros\/romance\/sons-de-ferrugem-e-ecos-de-borboleta-noemi-nicoletti\/","title":{"rendered":"Sons De Ferrugem E Ecos De Borboleta &#8211; Noemi Nicoletti"},"content":{"rendered":"<p>&#8220;Em seu livro de estreia, Noemi Nicoletti apresenta um emocionante romance sobre reden\u00e7\u00e3o, amor, solid\u00e3o, luto, sa\u00fade mental, amizades inesperadas e m\u00fasica.<\/p>\n<p>A vida familiar de Liesel \u00e9 um po\u00e7o de amargura e tristeza. Como se n\u00e3o bastasse a perda do pai, sua irm\u00e3 mais velha saiu de casa e a abandonou sozinha com as oscila\u00e7\u00f5es de humor da m\u00e3e com transtorno de personalidade borderline. O que motiva e d\u00e1 sentido \u00e0 vida da jovem de 17 anos \u00e9 o imenso amor pela m\u00fasica e o sonho de conhecer seu \u00eddolo: o cantor australiano Leo Adrian.<br \/>\nQuando descobre que ele vir\u00e1 ao Brasil pela primeira vez, Liesel tem certeza de que esta \u00e9 a sua chance de chamar a aten\u00e7\u00e3o do cantor e mudar de vida. O que ela n\u00e3o imagina \u00e9 que, a partir da\u00ed, embarcar\u00e1 em uma dolorida e necess\u00e1ria jornada de amadurecimento e autodescoberta.<\/p>\n<p>&#8220;Noemi Nicoletti \u00e9 uma escritora muito talentosa. Sua narrativa leve e seus profundos insights sobre a vida fazem este livro ganhar vida. Os personagens parecem reais e \u00e9 imposs\u00edvel n\u00e3o querer saber mais sobre eles. Voc\u00ea se pegar\u00e1 pensando neles muito tempo depois de terminar de ler esta hist\u00f3ria maravilhosa.&#8221;<br \/>\nROBIN JONES GUNN, autora da s\u00e9rie &#8220;Cris&#8221;.&#8221;<\/p>\n","protected":false},"excerpt":{"rendered":"<p>&#8220;Em seu livro de estreia, Noemi Nicoletti apresenta um emocionante romance sobre reden\u00e7\u00e3o, amor, solid\u00e3o, luto, sa\u00fade mental, amizades inesperadas&hellip;<\/p>\n","protected":false},"featured_media":329122,"comment_status":"open","ping_status":"closed","template":"","meta":[],"product_cat":[134,182],"product_tag":[],"_links":{"self":[{"href":"https:\/\/www.livrariarema.com.br\/loja\/wp-json\/wp\/v2\/product\/318146"}],"collection":[{"href":"https:\/\/www.livrariarema.com.br\/loja\/wp-json\/wp\/v2\/product"}],"about":[{"href":"https:\/\/www.livrariarema.com.br\/loja\/wp-json\/wp\/v2\/types\/product"}],"replies":[{"embeddable":true,"href":"https:\/\/www.livrariarema.com.br\/loja\/wp-json\/wp\/v2\/comments?post=318146"}],"wp:featuredmedia":[{"embeddable":true,"href":"https:\/\/www.livrariarema.com.br\/loja\/wp-json\/wp\/v2\/media\/329122"}],"wp:attachment":[{"href":"https:\/\/www.livrariarema.com.br\/loja\/wp-json\/wp\/v2\/media?parent=318146"}],"wp:term":[{"taxonomy":"product_cat","embeddable":true,"href":"https:\/\/www.livrariarema.com.br\/loja\/wp-json\/wp\/v2\/product_cat?post=318146"},{"taxonomy":"product_tag","embeddable":true,"href":"https:\/\/www.livrariarema.com.br\/loja\/wp-json\/wp\/v2\/product_tag?post=318146"}],"curies":[{"name":"wp","href":"https:\/\/api.w.org\/{rel}","templated":true}]}}