{"id":318252,"date":"2024-10-05T11:29:33","date_gmt":"2024-10-05T14:29:33","guid":{"rendered":"https:\/\/www.livrariarema.com.br\/loja\/produtos\/sem categoria\/mulherzinhas-louisa-may-alcott\/"},"modified":"2025-11-28T10:10:36","modified_gmt":"2025-11-28T13:10:36","slug":"mulherzinhas-louisa-may-alcott","status":"publish","type":"product","link":"https:\/\/www.livrariarema.com.br\/loja\/produtos\/livros\/romance\/mulherzinhas-louisa-may-alcott\/","title":{"rendered":"Mulherzinhas &#8211; Louisa May Alcott"},"content":{"rendered":"<p>Jo, Beth, Meg e Amy s\u00e3o quatro irm\u00e3s que moram em Massachusetts e passam o primeiro Natal sem o pai, que est\u00e1 servindo na Guerra Civil Americana. Enfrentando dificuldades financeiras, a m\u00e3e, Marme e March, sustenta a fam\u00edlia. Em meio a desafios, as irm\u00e3s, que s\u00e3o t\u00e3o diferentes entre si, precisam se unir para aprenderem juntas. Enquanto os anos passam, elas ingressam na vida adulta e lutam, cada uma, por seus sonhos e ambi\u00e7\u00f5es. \u00c9 um romance que n\u00e3o foge do cotidiano, mas o aborda com firmeza, humor e sensibilidade, defendendo as virtudes, o protagonismo da mulher e as realiza\u00e7\u00f5es pessoais. Mulherzinhas \u00e9 o primeiro de uma s\u00e9rie de quatro livros que acompanham a vida das irm\u00e3s March, seguido por Boas Esposas, Rapazinhos e Os meninos de Jo.<\/p>\n","protected":false},"excerpt":{"rendered":"<p>Jo, Beth, Meg e Amy s\u00e3o quatro irm\u00e3s que moram em Massachusetts e passam o primeiro Natal sem o pai,&hellip;<\/p>\n","protected":false},"featured_media":335685,"comment_status":"open","ping_status":"closed","template":"","meta":[],"product_cat":[134,182],"product_tag":[],"_links":{"self":[{"href":"https:\/\/www.livrariarema.com.br\/loja\/wp-json\/wp\/v2\/product\/318252"}],"collection":[{"href":"https:\/\/www.livrariarema.com.br\/loja\/wp-json\/wp\/v2\/product"}],"about":[{"href":"https:\/\/www.livrariarema.com.br\/loja\/wp-json\/wp\/v2\/types\/product"}],"replies":[{"embeddable":true,"href":"https:\/\/www.livrariarema.com.br\/loja\/wp-json\/wp\/v2\/comments?post=318252"}],"wp:featuredmedia":[{"embeddable":true,"href":"https:\/\/www.livrariarema.com.br\/loja\/wp-json\/wp\/v2\/media\/335685"}],"wp:attachment":[{"href":"https:\/\/www.livrariarema.com.br\/loja\/wp-json\/wp\/v2\/media?parent=318252"}],"wp:term":[{"taxonomy":"product_cat","embeddable":true,"href":"https:\/\/www.livrariarema.com.br\/loja\/wp-json\/wp\/v2\/product_cat?post=318252"},{"taxonomy":"product_tag","embeddable":true,"href":"https:\/\/www.livrariarema.com.br\/loja\/wp-json\/wp\/v2\/product_tag?post=318252"}],"curies":[{"name":"wp","href":"https:\/\/api.w.org\/{rel}","templated":true}]}}