{"id":318266,"date":"2024-10-05T11:30:51","date_gmt":"2024-10-05T14:30:51","guid":{"rendered":"https:\/\/www.livrariarema.com.br\/loja\/produtos\/sem categoria\/boas-esposas-louisa-may-alcott\/"},"modified":"2026-03-24T11:21:29","modified_gmt":"2026-03-24T14:21:29","slug":"boas-esposas-louisa-may-alcott","status":"publish","type":"product","link":"https:\/\/www.livrariarema.com.br\/loja\/produtos\/livros\/romance\/boas-esposas-louisa-may-alcott\/","title":{"rendered":"Boas Esposas &#8211; Louisa May Alcott"},"content":{"rendered":"<p>No segundo livro da sequ\u00eancia sobre a fam\u00edlia March, o pai das irm\u00e3s retorna para casa ap\u00f3s o fim da Guerra Civil e se torna pastor. As jovens meninas que ele deixara agora s\u00e3o ador\u00e1veis mulheres, que buscam concretizar os sonhos que nutriam desde a juventude. Cada uma trilha o seu pr\u00f3prio caminho, longe da casa dos pais, enfrentando desafios e amadurecendo. Mesmo seguindo em diferentes dire\u00e7\u00f5es, as irm\u00e3s sabem que a uni\u00e3o delas sempre trar\u00e1 consolo frente \u00e0s dificuldades da vida. Os t\u00edtulos que narram toda a hist\u00f3ria das irm\u00e3s March s\u00e3o: Mulherzinhas, Boas Esposas, Rapazinhos e Os meninos de Jo.<\/p>\n","protected":false},"excerpt":{"rendered":"<p>No segundo livro da sequ\u00eancia sobre a fam\u00edlia March, o pai das irm\u00e3s retorna para casa ap\u00f3s o fim da&hellip;<\/p>\n","protected":false},"featured_media":346636,"comment_status":"open","ping_status":"closed","template":"","meta":[],"product_cat":[134,182],"product_tag":[],"_links":{"self":[{"href":"https:\/\/www.livrariarema.com.br\/loja\/wp-json\/wp\/v2\/product\/318266"}],"collection":[{"href":"https:\/\/www.livrariarema.com.br\/loja\/wp-json\/wp\/v2\/product"}],"about":[{"href":"https:\/\/www.livrariarema.com.br\/loja\/wp-json\/wp\/v2\/types\/product"}],"replies":[{"embeddable":true,"href":"https:\/\/www.livrariarema.com.br\/loja\/wp-json\/wp\/v2\/comments?post=318266"}],"wp:featuredmedia":[{"embeddable":true,"href":"https:\/\/www.livrariarema.com.br\/loja\/wp-json\/wp\/v2\/media\/346636"}],"wp:attachment":[{"href":"https:\/\/www.livrariarema.com.br\/loja\/wp-json\/wp\/v2\/media?parent=318266"}],"wp:term":[{"taxonomy":"product_cat","embeddable":true,"href":"https:\/\/www.livrariarema.com.br\/loja\/wp-json\/wp\/v2\/product_cat?post=318266"},{"taxonomy":"product_tag","embeddable":true,"href":"https:\/\/www.livrariarema.com.br\/loja\/wp-json\/wp\/v2\/product_tag?post=318266"}],"curies":[{"name":"wp","href":"https:\/\/api.w.org\/{rel}","templated":true}]}}