{"id":318268,"date":"2024-10-05T11:30:58","date_gmt":"2024-10-05T14:30:58","guid":{"rendered":"https:\/\/www.livrariarema.com.br\/loja\/produtos\/sem categoria\/rapazinhos-louisa-may-alcott\/"},"modified":"2025-08-20T13:25:28","modified_gmt":"2025-08-20T16:25:28","slug":"rapazinhos-louisa-may-alcott","status":"publish","type":"product","link":"https:\/\/www.livrariarema.com.br\/loja\/produtos\/livros\/romance\/rapazinhos-louisa-may-alcott\/","title":{"rendered":"Rapazinhos &#8211; Louisa May Alcott"},"content":{"rendered":"<p>Neste romance, escrito em 1871, Louisa May Alcott retoma a hist\u00f3ria dos dramas cotidianos e fa\u00e7anhas dos meninos travessos em Plumfield, agora um internato dirigido pelo professor Bhaer e sua ador\u00e1vel esposa Jo, uma das quatro irm\u00e3s March. Terceiro livro uma trilogia n\u00e3o oficial e tamb\u00e9m autobiogr\u00e1fico, o romance cl\u00e1ssico de Alcott foi adaptado para filme em 1934, 1940 e 1998, uma s\u00e9rie de televis\u00e3o e uma s\u00e9rie de anima\u00e7\u00e3o japonesa. Os t\u00edtulos que narram toda a hist\u00f3ria das irm\u00e3s March s\u00e3o: Mulherzinhas, Boas Esposas, Rapazinhos e Os meninos de Jo.<\/p>\n","protected":false},"excerpt":{"rendered":"<p>Neste romance, escrito em 1871, Louisa May Alcott retoma a hist\u00f3ria dos dramas cotidianos e fa\u00e7anhas dos meninos travessos em&hellip;<\/p>\n","protected":false},"featured_media":335729,"comment_status":"open","ping_status":"closed","template":"","meta":[],"product_cat":[134,182],"product_tag":[],"_links":{"self":[{"href":"https:\/\/www.livrariarema.com.br\/loja\/wp-json\/wp\/v2\/product\/318268"}],"collection":[{"href":"https:\/\/www.livrariarema.com.br\/loja\/wp-json\/wp\/v2\/product"}],"about":[{"href":"https:\/\/www.livrariarema.com.br\/loja\/wp-json\/wp\/v2\/types\/product"}],"replies":[{"embeddable":true,"href":"https:\/\/www.livrariarema.com.br\/loja\/wp-json\/wp\/v2\/comments?post=318268"}],"wp:featuredmedia":[{"embeddable":true,"href":"https:\/\/www.livrariarema.com.br\/loja\/wp-json\/wp\/v2\/media\/335729"}],"wp:attachment":[{"href":"https:\/\/www.livrariarema.com.br\/loja\/wp-json\/wp\/v2\/media?parent=318268"}],"wp:term":[{"taxonomy":"product_cat","embeddable":true,"href":"https:\/\/www.livrariarema.com.br\/loja\/wp-json\/wp\/v2\/product_cat?post=318268"},{"taxonomy":"product_tag","embeddable":true,"href":"https:\/\/www.livrariarema.com.br\/loja\/wp-json\/wp\/v2\/product_tag?post=318268"}],"curies":[{"name":"wp","href":"https:\/\/api.w.org\/{rel}","templated":true}]}}