{"id":318270,"date":"2024-10-05T11:31:03","date_gmt":"2024-10-05T14:31:03","guid":{"rendered":"https:\/\/www.livrariarema.com.br\/loja\/produtos\/sem categoria\/os-meninos-de-jo-louisa-may-alcott\/"},"modified":"2026-03-24T11:22:57","modified_gmt":"2026-03-24T14:22:57","slug":"os-meninos-de-jo-louisa-may-alcott","status":"publish","type":"product","link":"https:\/\/www.livrariarema.com.br\/loja\/produtos\/livros\/romance\/os-meninos-de-jo-louisa-may-alcott\/","title":{"rendered":"Os Meninos De Jo &#8211; Louisa May Alcott"},"content":{"rendered":"<p>Dez anos depois de publicar Rapazinhos: a vida em Plumfield com os meninos de Jo, a autora retoma a hist\u00f3ria dos dramas cotidiano se das fa\u00e7anhas dos meninos travessos mas descontra\u00eddos de Plumfield. O livro segue principalmente a vida de meninos apresentados no livro anterior, particularmente Tommy, Emil, Demi, Nat, Dane os filhos os filhos do professor Bhaer e Jo, Rob e Teddy, embora os outros tamb\u00e9m fa\u00e7am apari\u00e7\u00f5es frequentes, e Josie e Bess, duas primas de Demi e Daisy. Agora crescidos, eles precisam lidar com os dramas, as tempestades e as alegrias da vida adulta. Considerado o mais autobiogr\u00e1fico dos livros da s\u00e9rie, Alcott tece com brilhantismo sua pr\u00f3pria hist\u00f3ria, de maneira emocionante e com ligeiro tom de melancolia. Os t\u00edtulos que narram toda a hist\u00f3ria das irm\u00e3s March s\u00e3o: Mulherzinhas, Boas Esposas, Rapazinhos e Os meninos de Jo.<\/p>\n","protected":false},"excerpt":{"rendered":"<p>Dez anos depois de publicar Rapazinhos: a vida em Plumfield com os meninos de Jo, a autora retoma a hist\u00f3ria&hellip;<\/p>\n","protected":false},"featured_media":346639,"comment_status":"open","ping_status":"closed","template":"","meta":[],"product_cat":[134,182],"product_tag":[],"_links":{"self":[{"href":"https:\/\/www.livrariarema.com.br\/loja\/wp-json\/wp\/v2\/product\/318270"}],"collection":[{"href":"https:\/\/www.livrariarema.com.br\/loja\/wp-json\/wp\/v2\/product"}],"about":[{"href":"https:\/\/www.livrariarema.com.br\/loja\/wp-json\/wp\/v2\/types\/product"}],"replies":[{"embeddable":true,"href":"https:\/\/www.livrariarema.com.br\/loja\/wp-json\/wp\/v2\/comments?post=318270"}],"wp:featuredmedia":[{"embeddable":true,"href":"https:\/\/www.livrariarema.com.br\/loja\/wp-json\/wp\/v2\/media\/346639"}],"wp:attachment":[{"href":"https:\/\/www.livrariarema.com.br\/loja\/wp-json\/wp\/v2\/media?parent=318270"}],"wp:term":[{"taxonomy":"product_cat","embeddable":true,"href":"https:\/\/www.livrariarema.com.br\/loja\/wp-json\/wp\/v2\/product_cat?post=318270"},{"taxonomy":"product_tag","embeddable":true,"href":"https:\/\/www.livrariarema.com.br\/loja\/wp-json\/wp\/v2\/product_tag?post=318270"}],"curies":[{"name":"wp","href":"https:\/\/api.w.org\/{rel}","templated":true}]}}