{"id":318390,"date":"2024-10-07T12:35:25","date_gmt":"2024-10-07T15:35:25","guid":{"rendered":"https:\/\/www.livrariarema.com.br\/loja\/produtos\/sem categoria\/livro-lousa-magnetica-3-palavrinhas-hora-de-desenhar\/"},"modified":"2026-02-28T10:20:59","modified_gmt":"2026-02-28T13:20:59","slug":"livro-lousa-magnetica-3-palavrinhas-hora-de-desenhar","status":"publish","type":"product","link":"https:\/\/www.livrariarema.com.br\/loja\/produtos\/livros\/infantil\/livro-lousa-magnetica-3-palavrinhas-hora-de-desenhar\/","title":{"rendered":"Livro Lousa Magn\u00e9tica &#8211; 3 Palavrinhas &#8211; Hora De Desenhar"},"content":{"rendered":"<p>Davi, Miguel e Sarah est\u00e3o de volta com uma novidade: uma lousa pra voc\u00ea desenhar! Prepare-se para conhecer melhor o trio de amigos e louvar a Deus, com muita arte e divers\u00e3o.<\/p>\n","protected":false},"excerpt":{"rendered":"<p>Davi, Miguel e Sarah est\u00e3o de volta com uma novidade: uma lousa pra voc\u00ea desenhar! Prepare-se para conhecer melhor o&hellip;<\/p>\n","protected":false},"featured_media":320033,"comment_status":"open","ping_status":"closed","template":"","meta":[],"product_cat":[144,134],"product_tag":[],"_links":{"self":[{"href":"https:\/\/www.livrariarema.com.br\/loja\/wp-json\/wp\/v2\/product\/318390"}],"collection":[{"href":"https:\/\/www.livrariarema.com.br\/loja\/wp-json\/wp\/v2\/product"}],"about":[{"href":"https:\/\/www.livrariarema.com.br\/loja\/wp-json\/wp\/v2\/types\/product"}],"replies":[{"embeddable":true,"href":"https:\/\/www.livrariarema.com.br\/loja\/wp-json\/wp\/v2\/comments?post=318390"}],"wp:featuredmedia":[{"embeddable":true,"href":"https:\/\/www.livrariarema.com.br\/loja\/wp-json\/wp\/v2\/media\/320033"}],"wp:attachment":[{"href":"https:\/\/www.livrariarema.com.br\/loja\/wp-json\/wp\/v2\/media?parent=318390"}],"wp:term":[{"taxonomy":"product_cat","embeddable":true,"href":"https:\/\/www.livrariarema.com.br\/loja\/wp-json\/wp\/v2\/product_cat?post=318390"},{"taxonomy":"product_tag","embeddable":true,"href":"https:\/\/www.livrariarema.com.br\/loja\/wp-json\/wp\/v2\/product_tag?post=318390"}],"curies":[{"name":"wp","href":"https:\/\/api.w.org\/{rel}","templated":true}]}}