{"id":318398,"date":"2024-10-07T12:36:05","date_gmt":"2024-10-07T15:36:05","guid":{"rendered":"https:\/\/www.livrariarema.com.br\/loja\/produtos\/sem categoria\/365-cruzadas-diretas-nivel-medio-i\/"},"modified":"2026-03-10T10:10:39","modified_gmt":"2026-03-10T13:10:39","slug":"365-cruzadas-diretas-nivel-medio-i","status":"publish","type":"product","link":"https:\/\/www.livrariarema.com.br\/loja\/produtos\/livros\/cruzadas-caca-palavras-jogos\/365-cruzadas-diretas-nivel-medio-i\/","title":{"rendered":"365 Cruzadas Diretas &#8211; N\u00edvel M\u00e9dio I"},"content":{"rendered":"<p>Fazer palavras cruzadas \u00e9 uma maneira criativa e divertida de desenvolver o racioc\u00ednio e deixar o pensamento \u00e1gil, al\u00e9m de se atualizar sobre diversos assuntos e enriquecer o vocabul\u00e1rio. Este livro cont\u00e9m 365 cruzadas de n\u00edvel m\u00e9dio de dificuldade para v\u00e1rias horas de entretenimento.<\/p>\n","protected":false},"excerpt":{"rendered":"<p>Fazer palavras cruzadas \u00e9 uma maneira criativa e divertida de desenvolver o racioc\u00ednio e deixar o pensamento \u00e1gil, al\u00e9m de&hellip;<\/p>\n","protected":false},"featured_media":341199,"comment_status":"open","ping_status":"closed","template":"","meta":[],"product_cat":[338,134],"product_tag":[],"_links":{"self":[{"href":"https:\/\/www.livrariarema.com.br\/loja\/wp-json\/wp\/v2\/product\/318398"}],"collection":[{"href":"https:\/\/www.livrariarema.com.br\/loja\/wp-json\/wp\/v2\/product"}],"about":[{"href":"https:\/\/www.livrariarema.com.br\/loja\/wp-json\/wp\/v2\/types\/product"}],"replies":[{"embeddable":true,"href":"https:\/\/www.livrariarema.com.br\/loja\/wp-json\/wp\/v2\/comments?post=318398"}],"wp:featuredmedia":[{"embeddable":true,"href":"https:\/\/www.livrariarema.com.br\/loja\/wp-json\/wp\/v2\/media\/341199"}],"wp:attachment":[{"href":"https:\/\/www.livrariarema.com.br\/loja\/wp-json\/wp\/v2\/media?parent=318398"}],"wp:term":[{"taxonomy":"product_cat","embeddable":true,"href":"https:\/\/www.livrariarema.com.br\/loja\/wp-json\/wp\/v2\/product_cat?post=318398"},{"taxonomy":"product_tag","embeddable":true,"href":"https:\/\/www.livrariarema.com.br\/loja\/wp-json\/wp\/v2\/product_tag?post=318398"}],"curies":[{"name":"wp","href":"https:\/\/api.w.org\/{rel}","templated":true}]}}