{"id":318400,"date":"2024-10-07T12:36:11","date_gmt":"2024-10-07T15:36:11","guid":{"rendered":"https:\/\/www.livrariarema.com.br\/loja\/produtos\/sem categoria\/365-cruzadas-diretas-facil-medio-e-dificil-i\/"},"modified":"2026-03-10T10:10:42","modified_gmt":"2026-03-10T13:10:42","slug":"365-cruzadas-diretas-facil-medio-e-dificil-i","status":"publish","type":"product","link":"https:\/\/www.livrariarema.com.br\/loja\/produtos\/livros\/cruzadas-caca-palavras-jogos\/365-cruzadas-diretas-facil-medio-e-dificil-i\/","title":{"rendered":"365 Cruzadas Diretas &#8211; F\u00e1cil, M\u00e9dio E Dif\u00edcil I"},"content":{"rendered":"<p>Aprimore seu raciocinio l\u00f3gico e se atualize sobre diversos assuntos enquanto se diverte com os 365 palavras cruzadas divertidas. S\u00e3o palavras cruzadas de diferentes n\u00edveis para voc\u00ea se desafiar!<\/p>\n","protected":false},"excerpt":{"rendered":"<p>Aprimore seu raciocinio l\u00f3gico e se atualize sobre diversos assuntos enquanto se diverte com os 365 palavras cruzadas divertidas. S\u00e3o&hellip;<\/p>\n","protected":false},"featured_media":341200,"comment_status":"open","ping_status":"closed","template":"","meta":[],"product_cat":[338,134],"product_tag":[],"_links":{"self":[{"href":"https:\/\/www.livrariarema.com.br\/loja\/wp-json\/wp\/v2\/product\/318400"}],"collection":[{"href":"https:\/\/www.livrariarema.com.br\/loja\/wp-json\/wp\/v2\/product"}],"about":[{"href":"https:\/\/www.livrariarema.com.br\/loja\/wp-json\/wp\/v2\/types\/product"}],"replies":[{"embeddable":true,"href":"https:\/\/www.livrariarema.com.br\/loja\/wp-json\/wp\/v2\/comments?post=318400"}],"wp:featuredmedia":[{"embeddable":true,"href":"https:\/\/www.livrariarema.com.br\/loja\/wp-json\/wp\/v2\/media\/341200"}],"wp:attachment":[{"href":"https:\/\/www.livrariarema.com.br\/loja\/wp-json\/wp\/v2\/media?parent=318400"}],"wp:term":[{"taxonomy":"product_cat","embeddable":true,"href":"https:\/\/www.livrariarema.com.br\/loja\/wp-json\/wp\/v2\/product_cat?post=318400"},{"taxonomy":"product_tag","embeddable":true,"href":"https:\/\/www.livrariarema.com.br\/loja\/wp-json\/wp\/v2\/product_tag?post=318400"}],"curies":[{"name":"wp","href":"https:\/\/api.w.org\/{rel}","templated":true}]}}