{"id":318404,"date":"2024-10-07T12:36:29","date_gmt":"2024-10-07T15:36:29","guid":{"rendered":"https:\/\/www.livrariarema.com.br\/loja\/produtos\/sem%20categoria\/deus-ama-voce-do-jeito-que-voce-e-tammi-salzano\/"},"modified":"2026-03-24T11:03:06","modified_gmt":"2026-03-24T14:03:06","slug":"deus-ama-voce-do-jeito-que-voce-e-tammi-salzano","status":"publish","type":"product","link":"https:\/\/www.livrariarema.com.br\/loja\/produtos\/livros\/infantil\/deus-ama-voce-do-jeito-que-voce-e-tammi-salzano\/","title":{"rendered":"Amor De Deus &#8211; Deus Ama Voc\u00ea Do Jeito Que Voc\u00ea \u00c9! &#8211; Tammi Salzano"},"content":{"rendered":"<p>O mundo \u00e9 cheio de cores, tamanhos, formas e talentos tamb\u00e9m. Deus ama voc\u00ea do jeito que voc\u00ea \u00e9,afinal, igual a voc\u00ea, n\u00e3o h\u00e1 ningu\u00e9m! Uma hist\u00f3ria inspiradora que celebra o amor incondicional de Deus por n\u00f3s. Ao abordar temas como amor, amizade e inclus\u00e3o, ajuda as crian\u00e7as a acolher as pr\u00f3prias diferen\u00e7as e a respeitar as que existem entre todas as pessoas.<\/p>\n","protected":false},"excerpt":{"rendered":"<p>O mundo \u00e9 cheio de cores, tamanhos, formas e talentos tamb\u00e9m. Deus ama voc\u00ea do jeito que voc\u00ea \u00e9,afinal, igual&hellip;<\/p>\n","protected":false},"featured_media":346502,"comment_status":"open","ping_status":"closed","template":"","meta":[],"product_cat":[144,134],"product_tag":[],"_links":{"self":[{"href":"https:\/\/www.livrariarema.com.br\/loja\/wp-json\/wp\/v2\/product\/318404"}],"collection":[{"href":"https:\/\/www.livrariarema.com.br\/loja\/wp-json\/wp\/v2\/product"}],"about":[{"href":"https:\/\/www.livrariarema.com.br\/loja\/wp-json\/wp\/v2\/types\/product"}],"replies":[{"embeddable":true,"href":"https:\/\/www.livrariarema.com.br\/loja\/wp-json\/wp\/v2\/comments?post=318404"}],"wp:featuredmedia":[{"embeddable":true,"href":"https:\/\/www.livrariarema.com.br\/loja\/wp-json\/wp\/v2\/media\/346502"}],"wp:attachment":[{"href":"https:\/\/www.livrariarema.com.br\/loja\/wp-json\/wp\/v2\/media?parent=318404"}],"wp:term":[{"taxonomy":"product_cat","embeddable":true,"href":"https:\/\/www.livrariarema.com.br\/loja\/wp-json\/wp\/v2\/product_cat?post=318404"},{"taxonomy":"product_tag","embeddable":true,"href":"https:\/\/www.livrariarema.com.br\/loja\/wp-json\/wp\/v2\/product_tag?post=318404"}],"curies":[{"name":"wp","href":"https:\/\/api.w.org\/{rel}","templated":true}]}}