{"id":318412,"date":"2024-10-07T12:37:09","date_gmt":"2024-10-07T15:37:09","guid":{"rendered":"https:\/\/www.livrariarema.com.br\/loja\/produtos\/sem categoria\/minha-primeira-biblia-com-alca\/"},"modified":"2025-09-26T12:50:49","modified_gmt":"2025-09-26T15:50:49","slug":"minha-primeira-biblia-com-alca","status":"publish","type":"product","link":"https:\/\/www.livrariarema.com.br\/loja\/produtos\/livros\/infantil\/minha-primeira-biblia-com-alca\/","title":{"rendered":"Minha Primeira B\u00edblia &#8211; Com Al\u00e7a"},"content":{"rendered":"<p>Navegue com No\u00e9, siga, siga Mois\u00e9s pelo Mar Vermelho e conhe\u00e7a os milagres de Jesus nesta B\u00edblia com v\u00e1rias rimas feita especialmente para voc\u00ea!<\/p>\n","protected":false},"excerpt":{"rendered":"<p>Navegue com No\u00e9, siga, siga Mois\u00e9s pelo Mar Vermelho e conhe\u00e7a os milagres de Jesus nesta B\u00edblia com v\u00e1rias rimas&hellip;<\/p>\n","protected":false},"featured_media":329314,"comment_status":"open","ping_status":"closed","template":"","meta":[],"product_cat":[144,134],"product_tag":[],"_links":{"self":[{"href":"https:\/\/www.livrariarema.com.br\/loja\/wp-json\/wp\/v2\/product\/318412"}],"collection":[{"href":"https:\/\/www.livrariarema.com.br\/loja\/wp-json\/wp\/v2\/product"}],"about":[{"href":"https:\/\/www.livrariarema.com.br\/loja\/wp-json\/wp\/v2\/types\/product"}],"replies":[{"embeddable":true,"href":"https:\/\/www.livrariarema.com.br\/loja\/wp-json\/wp\/v2\/comments?post=318412"}],"wp:featuredmedia":[{"embeddable":true,"href":"https:\/\/www.livrariarema.com.br\/loja\/wp-json\/wp\/v2\/media\/329314"}],"wp:attachment":[{"href":"https:\/\/www.livrariarema.com.br\/loja\/wp-json\/wp\/v2\/media?parent=318412"}],"wp:term":[{"taxonomy":"product_cat","embeddable":true,"href":"https:\/\/www.livrariarema.com.br\/loja\/wp-json\/wp\/v2\/product_cat?post=318412"},{"taxonomy":"product_tag","embeddable":true,"href":"https:\/\/www.livrariarema.com.br\/loja\/wp-json\/wp\/v2\/product_tag?post=318412"}],"curies":[{"name":"wp","href":"https:\/\/api.w.org\/{rel}","templated":true}]}}