{"id":318414,"date":"2024-10-07T12:37:16","date_gmt":"2024-10-07T15:37:16","guid":{"rendered":"https:\/\/www.livrariarema.com.br\/loja\/produtos\/sem%20categoria\/minha-primeira-biblia-ilustrada-com-alca\/"},"modified":"2026-02-20T15:11:07","modified_gmt":"2026-02-20T18:11:07","slug":"minha-primeira-biblia-ilustrada-com-alca","status":"publish","type":"product","link":"https:\/\/www.livrariarema.com.br\/loja\/produtos\/livros\/infantil\/minha-primeira-biblia-ilustrada-com-alca\/","title":{"rendered":"Almofadado &#8211; Hist\u00f3rias B\u00edblicas Com Al\u00e7a &#8211; Minha Primeira B\u00edblia Ilustrada"},"content":{"rendered":"<p>Encante-se com hist\u00f3rias b\u00edblicas neste livro rimado feito especialmente para pequenas m\u00e3ozinhas.<\/p>\n","protected":false},"excerpt":{"rendered":"<p>Encante-se com hist\u00f3rias b\u00edblicas neste livro rimado feito especialmente para pequenas m\u00e3ozinhas.<\/p>\n","protected":false},"featured_media":341220,"comment_status":"open","ping_status":"closed","template":"","meta":[],"product_cat":[144,134],"product_tag":[],"_links":{"self":[{"href":"https:\/\/www.livrariarema.com.br\/loja\/wp-json\/wp\/v2\/product\/318414"}],"collection":[{"href":"https:\/\/www.livrariarema.com.br\/loja\/wp-json\/wp\/v2\/product"}],"about":[{"href":"https:\/\/www.livrariarema.com.br\/loja\/wp-json\/wp\/v2\/types\/product"}],"replies":[{"embeddable":true,"href":"https:\/\/www.livrariarema.com.br\/loja\/wp-json\/wp\/v2\/comments?post=318414"}],"wp:featuredmedia":[{"embeddable":true,"href":"https:\/\/www.livrariarema.com.br\/loja\/wp-json\/wp\/v2\/media\/341220"}],"wp:attachment":[{"href":"https:\/\/www.livrariarema.com.br\/loja\/wp-json\/wp\/v2\/media?parent=318414"}],"wp:term":[{"taxonomy":"product_cat","embeddable":true,"href":"https:\/\/www.livrariarema.com.br\/loja\/wp-json\/wp\/v2\/product_cat?post=318414"},{"taxonomy":"product_tag","embeddable":true,"href":"https:\/\/www.livrariarema.com.br\/loja\/wp-json\/wp\/v2\/product_tag?post=318414"}],"curies":[{"name":"wp","href":"https:\/\/api.w.org\/{rel}","templated":true}]}}