{"id":318418,"date":"2024-10-07T12:37:33","date_gmt":"2024-10-07T15:37:33","guid":{"rendered":"https:\/\/www.livrariarema.com.br\/loja\/produtos\/sem categoria\/o-escriba-silas-francine-rivers\/"},"modified":"2025-08-20T13:17:10","modified_gmt":"2025-08-20T16:17:10","slug":"o-escriba-silas-francine-rivers","status":"publish","type":"product","link":"https:\/\/www.livrariarema.com.br\/loja\/produtos\/livros\/romance\/o-escriba-silas-francine-rivers\/","title":{"rendered":"O Escriba: Silas &#8211; Francine Rivers"},"content":{"rendered":"<p>Por tr\u00e1s dos homens que moldaram a hist\u00f3ria, h\u00e1 v\u00e1rios her\u00f3is. Silas foi um desses. Grande escriba, registrou grande parte das Escrituras do Novo Testamento como lemos hoje. No estilo cl\u00e1ssico de Francine Rivers, a hist\u00f3ria de Silas permite que os leitores compreendam as Escrituras sob uma luz totalmente nova, de uma perspectiva nunca antes imaginada. Ao longo do caminho, os leitores ser\u00e3o cativados pelo crescimento da igreja primitiva e pelas prova\u00e7\u00f5es que Paulo sofreu antes de ser martirizado pela causa de Cristo.<\/p>\n","protected":false},"excerpt":{"rendered":"<p>Por tr\u00e1s dos homens que moldaram a hist\u00f3ria, h\u00e1 v\u00e1rios her\u00f3is. Silas foi um desses. Grande escriba, registrou grande parte&hellip;<\/p>\n","protected":false},"featured_media":335688,"comment_status":"open","ping_status":"closed","template":"","meta":[],"product_cat":[134,182],"product_tag":[],"_links":{"self":[{"href":"https:\/\/www.livrariarema.com.br\/loja\/wp-json\/wp\/v2\/product\/318418"}],"collection":[{"href":"https:\/\/www.livrariarema.com.br\/loja\/wp-json\/wp\/v2\/product"}],"about":[{"href":"https:\/\/www.livrariarema.com.br\/loja\/wp-json\/wp\/v2\/types\/product"}],"replies":[{"embeddable":true,"href":"https:\/\/www.livrariarema.com.br\/loja\/wp-json\/wp\/v2\/comments?post=318418"}],"wp:featuredmedia":[{"embeddable":true,"href":"https:\/\/www.livrariarema.com.br\/loja\/wp-json\/wp\/v2\/media\/335688"}],"wp:attachment":[{"href":"https:\/\/www.livrariarema.com.br\/loja\/wp-json\/wp\/v2\/media?parent=318418"}],"wp:term":[{"taxonomy":"product_cat","embeddable":true,"href":"https:\/\/www.livrariarema.com.br\/loja\/wp-json\/wp\/v2\/product_cat?post=318418"},{"taxonomy":"product_tag","embeddable":true,"href":"https:\/\/www.livrariarema.com.br\/loja\/wp-json\/wp\/v2\/product_tag?post=318418"}],"curies":[{"name":"wp","href":"https:\/\/api.w.org\/{rel}","templated":true}]}}