{"id":318420,"date":"2024-10-07T12:37:38","date_gmt":"2024-10-07T15:37:38","guid":{"rendered":"https:\/\/www.livrariarema.com.br\/loja\/produtos\/sem categoria\/os-pioneiros-americanos-livro-8-anos-de-alegria-laura-ingalls-wilder\/"},"modified":"2026-02-28T11:31:34","modified_gmt":"2026-02-28T14:31:34","slug":"os-pioneiros-americanos-livro-8-anos-de-alegria-laura-ingalls-wilder","status":"publish","type":"product","link":"https:\/\/www.livrariarema.com.br\/loja\/produtos\/livros\/juvenil\/os-pioneiros-americanos-livro-8-anos-de-alegria-laura-ingalls-wilder\/","title":{"rendered":"Os Pioneiros Americanos &#8211; Livro 8 &#8211; Anos De Alegria &#8211; Laura Ingalls Wilder"},"content":{"rendered":"<p>Esses felizes anos dourados est\u00e3o passando, esses felizes anos dourados. Oitavo livro da s\u00e9rie autobiogr\u00e1fica de romances, onde desde o in\u00edcio sabemos que Laura Ingalls se tornar\u00e1 Laura Ingalls Wilder. Assim, estamos apenas aguardando o aparecimento desse anel, j\u00e1 que conhecemos o noivo h\u00e1 alguns livros. Este livro abrange o per\u00edodo desde quando Laura ainda n\u00e3o tinha dezesseis anos e trabalhava como professora na Brewster School at\u00e9 o momento em que se casa, aos dezoito. Escrito de forma envolvente, com sensibilidade e humor refinado, a autora e protagonista desta saga nos mostra como o caminho para a felicidade pode ser constru\u00eddo de maneira simples, por\u00e9m cuidadosa.<\/p>\n","protected":false},"excerpt":{"rendered":"<p>Esses felizes anos dourados est\u00e3o passando, esses felizes anos dourados. Oitavo livro da s\u00e9rie autobiogr\u00e1fica de romances, onde desde o&hellip;<\/p>\n","protected":false},"featured_media":335689,"comment_status":"open","ping_status":"closed","template":"","meta":[],"product_cat":[184,134],"product_tag":[],"_links":{"self":[{"href":"https:\/\/www.livrariarema.com.br\/loja\/wp-json\/wp\/v2\/product\/318420"}],"collection":[{"href":"https:\/\/www.livrariarema.com.br\/loja\/wp-json\/wp\/v2\/product"}],"about":[{"href":"https:\/\/www.livrariarema.com.br\/loja\/wp-json\/wp\/v2\/types\/product"}],"replies":[{"embeddable":true,"href":"https:\/\/www.livrariarema.com.br\/loja\/wp-json\/wp\/v2\/comments?post=318420"}],"wp:featuredmedia":[{"embeddable":true,"href":"https:\/\/www.livrariarema.com.br\/loja\/wp-json\/wp\/v2\/media\/335689"}],"wp:attachment":[{"href":"https:\/\/www.livrariarema.com.br\/loja\/wp-json\/wp\/v2\/media?parent=318420"}],"wp:term":[{"taxonomy":"product_cat","embeddable":true,"href":"https:\/\/www.livrariarema.com.br\/loja\/wp-json\/wp\/v2\/product_cat?post=318420"},{"taxonomy":"product_tag","embeddable":true,"href":"https:\/\/www.livrariarema.com.br\/loja\/wp-json\/wp\/v2\/product_tag?post=318420"}],"curies":[{"name":"wp","href":"https:\/\/api.w.org\/{rel}","templated":true}]}}