{"id":318422,"date":"2024-10-07T12:37:44","date_gmt":"2024-10-07T15:37:44","guid":{"rendered":"https:\/\/www.livrariarema.com.br\/loja\/produtos\/sem categoria\/os-pioneiros-americanos-livro-7-cidadezinha-na-campina-laura-ingalls-wilder\/"},"modified":"2026-02-28T11:31:29","modified_gmt":"2026-02-28T14:31:29","slug":"os-pioneiros-americanos-livro-7-cidadezinha-na-campina-laura-ingalls-wilder","status":"publish","type":"product","link":"https:\/\/www.livrariarema.com.br\/loja\/produtos\/livros\/juvenil\/os-pioneiros-americanos-livro-7-cidadezinha-na-campina-laura-ingalls-wilder\/","title":{"rendered":"Os Pioneiros Americanos &#8211; Livro 7 &#8211; Cidadezinha Na Campina &#8211; Laura Ingalls Wilder"},"content":{"rendered":"<p>A fam\u00edlia \u00e9 o porto seguro para Laura, que est\u00e1 quase completando quinze anos. O longo inverno acabou. Com a primavera, chegam os passeios, os eventos sociais, os encontros na igreja. H\u00e1 tamb\u00e9m h\u00e1 muito trabalho a ser feito. Laura passa os dias costurando para ajudar na renda da fam\u00edlia para poder enviar a irm\u00e3 manter a irm\u00e3 numa escola para cegos. Mas, \u00e0 noite, Laura arranja tempo para receber um novo visitante: Almanzo Wilder.<\/p>\n","protected":false},"excerpt":{"rendered":"<p>A fam\u00edlia \u00e9 o porto seguro para Laura, que est\u00e1 quase completando quinze anos. O longo inverno acabou. Com a&hellip;<\/p>\n","protected":false},"featured_media":335690,"comment_status":"open","ping_status":"closed","template":"","meta":[],"product_cat":[184,134],"product_tag":[],"_links":{"self":[{"href":"https:\/\/www.livrariarema.com.br\/loja\/wp-json\/wp\/v2\/product\/318422"}],"collection":[{"href":"https:\/\/www.livrariarema.com.br\/loja\/wp-json\/wp\/v2\/product"}],"about":[{"href":"https:\/\/www.livrariarema.com.br\/loja\/wp-json\/wp\/v2\/types\/product"}],"replies":[{"embeddable":true,"href":"https:\/\/www.livrariarema.com.br\/loja\/wp-json\/wp\/v2\/comments?post=318422"}],"wp:featuredmedia":[{"embeddable":true,"href":"https:\/\/www.livrariarema.com.br\/loja\/wp-json\/wp\/v2\/media\/335690"}],"wp:attachment":[{"href":"https:\/\/www.livrariarema.com.br\/loja\/wp-json\/wp\/v2\/media?parent=318422"}],"wp:term":[{"taxonomy":"product_cat","embeddable":true,"href":"https:\/\/www.livrariarema.com.br\/loja\/wp-json\/wp\/v2\/product_cat?post=318422"},{"taxonomy":"product_tag","embeddable":true,"href":"https:\/\/www.livrariarema.com.br\/loja\/wp-json\/wp\/v2\/product_tag?post=318422"}],"curies":[{"name":"wp","href":"https:\/\/api.w.org\/{rel}","templated":true}]}}